{"id":770,"date":"2026-04-13T11:13:12","date_gmt":"2026-04-13T04:13:12","guid":{"rendered":"https:\/\/keo.azdigi.shop\/?page_id=770"},"modified":"2026-04-19T17:23:15","modified_gmt":"2026-04-19T10:23:15","slug":"chinh-sach-doi-tra","status":"publish","type":"page","link":"https:\/\/keo.azdigi.shop\/index.php\/chinh-sach-doi-tra\/","title":{"rendered":"Ch\u00ednh S\u00e1ch \u0110\u1ed5i Tr\u1ea3"},"content":{"rendered":"\t<section class=\"section\" id=\"section_1030292383\">\n\t\t<div class=\"bg section-bg fill bg-fill  bg-loaded\" >\n\n\t\t\t\n\t\t\t\n\t\t\t\n\n\t\t<\/div>\n\n\t\t<div class=\"section-content relative\">\n\t\t\t\n\t<div class=\"img has-hover x md-x lg-x y md-y lg-y\" id=\"image_26302185\">\n\t\t\t\t\t\t\t\t<div class=\"img-inner dark\" >\n\t\t\t<img fetchpriority=\"high\" decoding=\"async\" width=\"1020\" height=\"356\" src=\"https:\/\/keo.azdigi.shop\/wp-content\/uploads\/2026\/04\/doitrahang_banner_Copy_-1024x357.webp\" class=\"attachment-large size-large\" alt=\"\" srcset=\"https:\/\/keo.azdigi.shop\/wp-content\/uploads\/2026\/04\/doitrahang_banner_Copy_-1024x357.webp 1024w, https:\/\/keo.azdigi.shop\/wp-content\/uploads\/2026\/04\/doitrahang_banner_Copy_-300x105.webp 300w, https:\/\/keo.azdigi.shop\/wp-content\/uploads\/2026\/04\/doitrahang_banner_Copy_-768x268.webp 768w, https:\/\/keo.azdigi.shop\/wp-content\/uploads\/2026\/04\/doitrahang_banner_Copy_-1536x536.webp 1536w, https:\/\/keo.azdigi.shop\/wp-content\/uploads\/2026\/04\/doitrahang_banner_Copy_-600x209.webp 600w, https:\/\/keo.azdigi.shop\/wp-content\/uploads\/2026\/04\/doitrahang_banner_Copy_.webp 1920w\" sizes=\"(max-width: 1020px) 100vw, 1020px\" \/>\t\t\t\t\t\t\n\t\t\t\t\t<\/div>\n\t\t\t\t\t\t\t\t\n<style>\n#image_26302185 {\n  width: 100%;\n}\n<\/style>\n\t<\/div>\n\t\n\t\t<\/div>\n\n\t\t\n<style>\n#section_1030292383 {\n  padding-top: 30px;\n  padding-bottom: 30px;\n}\n<\/style>\n\t<\/section>\n\t\n<div class=\"gmt-element gmt-element-fed7393 gmt-widget gmt-widget-text\" data-id=\"fed7393\" data-element_type=\"widget\" data-widget_type=\"text\">\n<div class=\"gmt-widget-container\">\n<h1 class=\"gmt-text-title gmt-size-default\" style=\"text-align: center;\"><em><strong>CH\u00cdNH S\u00c1CH \u0110\u1ed4I TR\u1ea2<\/strong><\/em><\/h1>\n<\/div>\n<\/div>\n<div class=\"gmt-widget-container\">\n<div class=\"gmt-text-editor gmt-clearfix\">\n<p>Ch\u00ednh s\u00e1ch \u0110\u1ed5i tr\u1ea3 \u0111\u01b0\u1ee3c \u00e1p d\u1ee5ng cho b\u1ea1n khi mua h\u00e0ng v\u00e0 thanh to\u00e1n tr\u00ean trang Keo.azdigi.shop.<\/p>\n<\/div>\n<\/div>\n<div class=\"gmt-widget-container\">\n<h2 class=\"gmt-text-title gmt-size-default\">1. Th\u1eddi gian \u0111\u1ed5i tr\u1ea3 s\u1ea3n ph\u1ea9m<\/h2>\n<\/div>\n<div class=\"gmt-widget-container\">\n<div class=\"gmt-text-editor gmt-clearfix\">\n<ul>\n<li>V\u1edbi s\u1ea3n ph\u1ea9m nguy\u00ean gi\u00e1 v\u00e0 gi\u1ea3m gi\u00e1 kh\u00f4ng qu\u00e1 30%: \u0111\u1ed5i h\u00e0ng trong v\u00f2ng 30 ng\u00e0y;<\/li>\n<li>V\u1edbi s\u1ea3n ph\u1ea9m gi\u1ea3m gi\u00e1 tr\u00ean 30%: \u00e1p d\u1ee5ng \u0111\u1ed5i k\u00edch c\u1ee1 (n\u1ebfu c\u00f3) trong v\u00f2ng 07 ng\u00e0y; kh\u00f4ng \u00e1p d\u1ee5ng \u0111\u1ed5i sang s\u1ea3n ph\u1ea9m kh\u00e1c;<\/li>\n<li><strong>L\u01b0u \u00fd:<\/strong>\u00a0Ch\u00ednh s\u00e1ch tr\u1ea3 h\u00e0ng &amp; ho\u00e0n ti\u1ec1n ch\u1ec9 \u00e1p d\u1ee5ng cho th\u00e0nh vi\u00ean h\u1ea1ng Silver tr\u1edf l\u00ean v\u1edbi s\u1ea3n ph\u1ea9m nguy\u00ean gi\u00e1, c\u1ee5 th\u1ec3:<\/li>\n<\/ul>\n<\/div>\n<\/div>\n<div class=\"gmt-widget-container\">\n<div class=\"uael-table-wrapper bigologi_table\">\n<table class=\"uael-text-break uael-column-rules uael-table\">\n<thead>\n<tr>\n<th>Kh\u00e1ch h\u00e0ng mua h\u00e0ng kh\u00f4ng \u0111\u0103ng nh\u1eadp &amp; Th\u00e0nh vi\u00ean h\u1ea1ng Member<\/th>\n<th>Th\u00e0nh vi\u00ean h\u1ea1ng Silver, Gold<\/th>\n<th>Th\u00e0nh vi\u00ean h\u1ea1ng Diamond, Elite<\/th>\n<\/tr>\n<\/thead>\n<tbody>\n<tr>\n<td>Kh\u00f4ng \u00e1p d\u1ee5ng tr\u1ea3 h\u00e0ng &amp; ho\u00e0n ti\u1ec1n<\/td>\n<td>Trong v\u00f2ng 07 ng\u00e0y<\/td>\n<td>Trong v\u00f2ng 14 ng\u00e0y<\/td>\n<\/tr>\n<\/tbody>\n<\/table>\n<\/div>\n<\/div>\n<div class=\"gmt-widget-container\">\n<div class=\"gmt-text-editor gmt-clearfix\">\n<ul>\n<li>Kh\u00f4ng \u00e1p d\u1ee5ng Ch\u00ednh s\u00e1ch tr\u1ea3 h\u00e0ng &amp; ho\u00e0n ti\u1ec1n cho c\u00e1c \u0111\u01a1n h\u00e0ng Tr\u1ea3 g\u00f3p<\/li>\n<li>Th\u1eddi h\u1ea1n \u0111\u1ed5i\/tr\u1ea3 h\u00e0ng \u0111\u01b0\u1ee3c t\u00ednh t\u1eeb ng\u00e0y b\u1ea1n nh\u1eadn \u0111\u01b0\u1ee3c s\u1ea3n ph\u1ea9m, c\u0103n c\u1ee9 theo ghi nh\u1eadn tr\u00ean h\u1ec7 th\u1ed1ng c\u1ee7a \u0111\u01a1n v\u1ecb v\u1eadn chuy\u1ec3n. B\u1ea1n vui l\u00f2ng t\u1ea1o y\u00eau c\u1ea7u \u0111\u1ed5i\/tr\u1ea3 h\u00e0ng tr\u00ean h\u1ec7 th\u1ed1ng c\u1ee7a Royal Scent, v\u00e0 th\u1ef1c hi\u1ec7n g\u1eedi l\u1ea1i s\u1ea3n ph\u1ea9m trong th\u1eddi h\u1ea1n tr\u00ean.<\/li>\n<li>Royal Scent s\u1ebd x\u1eed l\u00fd ho\u00e0n ti\u1ec1n tr\u1ef1c ti\u1ebfp v\u1ec1 th\u1ebb ho\u1eb7c t\u00e0i kho\u1ea3n ng\u00e2n h\u00e0ng m\u00e0 b\u1ea1n \u0111\u00e3 d\u00f9ng \u0111\u1ec3 thanh to\u00e1n cho \u0111\u01a1n h\u00e0ng sau khi kh\u1ea5u tr\u1eeb c\u00e1c chi ph\u00ed v\u1eadn chuy\u1ec3n v\u00e0 khuy\u1ebfn m\u00e3i (n\u1ebfu c\u00f3). Th\u1eddi gian ho\u00e0n ti\u1ec1n t\u1eeb 7 \u0111\u1ebfn 45 ng\u00e0y l\u00e0m vi\u1ec7c t\u00f9y thu\u1ed9c v\u00e0o ph\u01b0\u01a1ng th\u1ee9c b\u1ea1n thanh to\u00e1n.<\/li>\n<\/ul>\n<\/div>\n<\/div>\n<div class=\"gmt-widget-container\">\n<h2 class=\"gmt-text-title gmt-size-default\">2. \u0110i\u1ec1u ki\u1ec7n \u0111\u1ed5i tr\u1ea3 s\u1ea3n ph\u1ea9m<\/h2>\n<\/div>\n<div class=\"gmt-widget-container\">\n<div class=\"gmt-text-editor gmt-clearfix\">\n<ul>\n<li>Royal Scent h\u1ed7 tr\u1ee3 b\u1ea1n \u0111\u1ed5i s\u1ea3n ph\u1ea9m c\u00f3 gi\u00e1 tr\u1ecb t\u01b0\u01a1ng \u0111\u01b0\u01a1ng h\u01a1n ho\u1eb7c cao h\u01a1n s\u1ea3n ph\u1ea9m \u0111\u00e3 mua. Royal Scent kh\u00f4ng ho\u00e0n l\u1ea1i ph\u1ea7n ti\u1ec1n ch\u00eanh l\u1ec7ch n\u1ebfu b\u1ea1n ch\u1ecdn s\u1ea3n ph\u1ea9m c\u00f3 gi\u00e1 tr\u1ecb th\u1ea5p h\u01a1n.<\/li>\n<li>M\u1ed7i s\u1ea3n ph\u1ea9m, \u0111\u00e1p \u1ee9ng \u0111\u1ee7 \u0111i\u1ec1u ki\u1ec7n \u0111\u1ed5i tr\u1ea3, s\u1ebd \u0111\u01b0\u1ee3c \u0111\u1ed5i 01 l\u1ea7n duy nh\u1ea5t.<\/li>\n<li>C\u00e1c s\u1ea3n ph\u1ea9m kh\u00f4ng \u00e1p d\u1ee5ng \u0111i\u1ec1u ki\u1ec7n \u0111\u1ed5i tr\u1ea3:\n<ul>\n<li>N\u01b0\u1edbc hoa, n\u1ebfn th\u01a1m, tinh d\u1ea7u, x\u1ecbt th\u01a1m, c\u00e1c s\u1ea3n ph\u1ea9m khu\u1ebfch t\u00e1n bao g\u1ed3m m\u00e1y, l\u00f5i thay, \u0111\u1ed3ng h\u1ed3;<\/li>\n<li>C\u00e1c \u0111\u01a1n h\u00e0ng \u0111\u1eb7c bi\u1ec7t l\u00e0m theo y\u00eau c\u1ea7u;<\/li>\n<\/ul>\n<\/li>\n<li>T\u1ea5t c\u1ea3 s\u1ea3n ph\u1ea9m \u0111\u01b0\u1ee3c \u0111\u1ed5i\/tr\u1ea3 ph\u1ea3i \u0111\u1ea3m b\u1ea3o gi\u1eef nguy\u00ean v\u1eb9n v\u1edbi \u0111\u1ea7y \u0111\u1ee7 nh\u00e3n m\u00e1c, tem ni\u00eam phong, tem b\u1ea3o h\u00e0nh s\u1ea3n ph\u1ea9m (v\u1edbi c\u00e1c s\u1ea3n ph\u1ea9m thi\u1ebft b\u1ecb \u00e2m thanh), h\u1ed9p\/bao b\u00ec s\u1ea3n ph\u1ea9m, c\u00e1c ph\u1ee5 ki\u1ec7n \u0111i k\u00e8m nh\u01b0 ban \u0111\u1ea7u (bao g\u1ed3m gi\u1ea5y l\u00f3t s\u1ea3n ph\u1ea9m), c\u00f9ng c\u00e1c ch\u1ee9ng t\u1eeb, h\u00f3a \u0111\u01a1n mua h\u00e0ng t\u1ea1i trang Keo.azdigi.shop, k\u00e8m phi\u1ebfu b\u1ea3o h\u00e0nh c\u00f9ng v\u1edbi t\u00fai, h\u1ed9p, qu\u00e0 t\u1eb7ng k\u00e8m theo (n\u1ebfu c\u00f3).<\/li>\n<li>Ch\u00ednh s\u00e1ch \u0110\u1ed5i tr\u1ea3 kh\u00f4ng \u00e1p d\u1ee5ng v\u1edbi c\u00e1c s\u1ea3n ph\u1ea9m \u0111\u00e3 qua s\u1eed d\u1ee5ng, \u0111\u00e3 ch\u1ec9nh s\u1eeda, \u0111\u00e3 qua gi\u1eb7t \u1ee7i, c\u00f3 m\u00f9i l\u1ea1, c\u00f3 s\u1ef1 h\u01b0 h\u1ea1i, ho\u1eb7c b\u1ecb l\u1ed7i do qu\u00e1 tr\u00ecnh l\u01b0u gi\u1eef v\u00e0 v\u1eadn chuy\u1ec3n c\u1ee7a ng\u01b0\u1eddi s\u1eed d\u1ee5ng. Royal Scent c\u00f3 quy\u1ec1n t\u1eeb ch\u1ed1i \u0111\u1ed5i\/tr\u1ea3 h\u00e0ng n\u1ebfu s\u1ea3n ph\u1ea9m kh\u00f4ng \u0111\u00e1p \u1ee9ng \u0111\u1ee7 c\u00e1c \u0111i\u1ec1u ki\u1ec7n \u0111\u1ed5i\/tr\u1ea3 h\u00e0ng.<\/li>\n<\/ul>\n<\/div>\n<\/div>\n<div class=\"gmt-widget-container\">\n<h2 class=\"gmt-text-title gmt-size-default\">3. Chi ph\u00ed v\u1eadn chuy\u1ec3n s\u1ea3n ph\u1ea9m \u0111\u1ed5i tr\u1ea3<\/h2>\n<\/div>\n<div class=\"gmt-widget-container\">\n<div class=\"gmt-text-editor gmt-clearfix\">\n<ul>\n<li>Trong tr\u01b0\u1eddng h\u1ee3p \u0111\u1ed5i\/tr\u1ea3 h\u00e0ng do s\u1ea3n ph\u1ea9m l\u1ed7i t\u1eeb ph\u00eda nh\u00e0 s\u1ea3n xu\u1ea5t ho\u1eb7c do Royal Scent, ch\u00fang t\u00f4i s\u1ebd ch\u1ecbu m\u1ecdi chi ph\u00ed v\u1eadn chuy\u1ec3n trong qu\u00e1 tr\u00ecnh \u0111\u1ed5i\/tr\u1ea3 h\u00e0ng \u0111\u1ebfn kh\u00e1ch h\u00e0ng.<\/li>\n<li>Trong tr\u01b0\u1eddng h\u1ee3p vi\u1ec7c \u0111\u1ed5i\/tr\u1ea3 h\u00e0ng \u0111\u1ebfn t\u1eeb nhu c\u1ea7u c\u1ee7a b\u1ea1n, b\u1ea1n s\u1ebd thanh to\u00e1n to\u00e0n b\u1ed9 chi ph\u00ed v\u1eadn chuy\u1ec3n h\u00e0ng h\u00f3a \u0111\u1ed5i\/tr\u1ea3, v\u00e0 ch\u1ecbu tr\u00e1ch nhi\u1ec7m cho c\u00e1c r\u1ee7i ro trong vi\u1ec7c v\u1eadn chuy\u1ec3n c\u00e1c s\u1ea3n ph\u1ea9m \u0111\u1ed5i \u0111\u1ebfn Royal Scent. Royal Scent kh\u00f4ng ch\u1ecbu tr\u00e1ch nhi\u1ec7m v\u1ec1 b\u1ea5t k\u1ef3 m\u1ea5t m\u00e1t ho\u1eb7c h\u01b0 h\u1ecfng n\u00e0o \u0111\u1ed1i v\u1edbi c\u00e1c s\u1ea3n ph\u1ea9m \u0111\u01b0\u1ee3c ho\u00e0n tr\u1ea3 l\u1ea1i cho Royal Scent.<\/li>\n<\/ul>\n<\/div>\n<\/div>\n<div class=\"gmt-widget-container\">\n<h2 class=\"gmt-text-title gmt-size-default\">4. Quy \u0111\u1ecbnh kh\u00e1c<\/h2>\n<\/div>\n<div class=\"gmt-widget-container\">\n<div class=\"gmt-text-editor gmt-clearfix\">\n<ul>\n<li>Royal Scent c\u00f3 quy\u1ec1n \u0111\u00e1nh gi\u00e1 t\u00ecnh tr\u1ea1ng s\u1ea3n ph\u1ea9m \u0111\u01b0\u1ee3c \u0111\u1ed5i\/tr\u1ea3 tr\u01b0\u1edbc khi vi\u1ec7c \u0111\u1ed5i\/tr\u1ea3 h\u00e0ng \u0111\u01b0\u1ee3c th\u1ef1c hi\u1ec7n.<\/li>\n<li>Vi\u1ec7c \u0111\u1ed5i\/tr\u1ea3 ph\u1ee5 thu\u1ed9c theo quy\u1ebft \u0111\u1ecbnh cu\u1ed1i c\u00f9ng c\u1ee7a Royal Scent, d\u1ef1a tr\u00ean th\u1eddi \u0111i\u1ec3m \u00e1p d\u1ee5ng Ch\u00ednh s\u00e1ch \u0110\u1ed5i tr\u1ea3 m\u1edbi nh\u1ea5t.<\/li>\n<li>\n<h4 class=\"gmt-element gmt-element-436ccea gmt-widget gmt-widget-text-editor\" data-id=\"436ccea\" data-element_type=\"widget\" data-widget_type=\"text-editor\">Royal Scent <span style=\"font-size: 14.4px;\">c\u00f3 quy\u1ec1n \u0111i\u1ec1u ch\u1ec9nh Ch\u00ednh s\u00e1ch \u0110\u1ed5i tr\u1ea3 \u0111\u1ed1i v\u1edbi t\u1ea5t c\u1ea3 c\u00e1c s\u1ea3n ph\u1ea9m t\u1ea1i b\u1ea5t k\u1ef3 th\u1eddi \u0111i\u1ec3m n\u00e0o. C\u00e1c s\u1ea3n ph\u1ea9m \u0111\u00e3 mua s\u1ebd \u0111\u01b0\u1ee3c \u00e1p d\u1ee5ng theo Ch\u00ednh s\u00e1ch \u0110\u1ed5i tr\u1ea3 m\u1edbi nh\u1ea5t t\u1ea1i th\u1eddi \u0111i\u1ec3m \u0111\u01b0\u1ee3c c\u1eadp nh\u1eadt tr\u00ean trang Keo.azdigi.shop.<\/span><\/h4>\n<\/li>\n<li>Trong m\u1ecdi tr\u01b0\u1eddng h\u1ee3p, Royal Scent <span style=\"font-size: 14.4px;\">s\u1ebd \u0111\u01b0a ra quy\u1ebft \u0111\u1ecbnh gi\u1ea3i quy\u1ebft cu\u1ed1i c\u00f9ng.<\/span><\/li>\n<\/ul>\n<\/div>\n<\/div>\n<div class=\"gmt-element gmt-element-d88398c gmt-widget gmt-widget-text-editor\" data-id=\"d88398c\" data-element_type=\"widget\" data-widget_type=\"text-editor\">\n<div class=\"gmt-widget-container\">\n<div class=\"gmt-text-editor gmt-clearfix\">\n<h4>M\u1ecdi th\u1eafc m\u1eafc ho\u1eb7c y\u00eau c\u1ea7u \u0111\u1ed5i\/tr\u1ea3 h\u00e0ng, b\u1ea1n vui l\u00f2ng li\u00ean h\u1ec7 \u0111\u1ebfn hotline H\u1ed7 tr\u1ee3 Kh\u00e1ch h\u00e0ng 0912844503 ho\u1eb7c g\u1eedi y\u00eau c\u1ea7u qua bi\u1ec3u m\u1eabu t\u1ea1i trang Li\u00ean h\u1ec7.<\/h4>\n<\/div>\n<\/div>\n<\/div>\n","protected":false},"excerpt":{"rendered":"<p>CH\u00cdNH S\u00c1CH \u0110\u1ed4I TR\u1ea2 Ch\u00ednh s\u00e1ch \u0110\u1ed5i tr\u1ea3 \u0111\u01b0\u1ee3c \u00e1p d\u1ee5ng cho b\u1ea1n khi mua h\u00e0ng v\u00e0 thanh to\u00e1n tr\u00ean trang Keo.azdigi.shop. 1. Th\u1eddi gian \u0111\u1ed5i tr\u1ea3 s\u1ea3n ph\u1ea9m V\u1edbi s\u1ea3n ph\u1ea9m nguy\u00ean gi\u00e1 v\u00e0 gi\u1ea3m gi\u00e1 kh\u00f4ng qu\u00e1 30%: \u0111\u1ed5i h\u00e0ng trong v\u00f2ng 30 ng\u00e0y; V\u1edbi s\u1ea3n ph\u1ea9m gi\u1ea3m gi\u00e1 tr\u00ean 30%: \u00e1p d\u1ee5ng [&#8230;]\n","protected":false},"author":1,"featured_media":0,"parent":0,"menu_order":0,"comment_status":"closed","ping_status":"closed","template":"","meta":{"_eb_attr":"","footnotes":""},"class_list":["post-770","page","type-page","status-publish","hentry"],"yoast_head":"<!-- This site is optimized with the Yoast SEO plugin v27.2 - https:\/\/yoast.com\/product\/yoast-seo-wordpress\/ -->\n<title>Ch\u00ednh S\u00e1ch \u0110\u1ed5i Tr\u1ea3 - Royal Scent<\/title>\n<meta name=\"robots\" content=\"noindex, follow, max-snippet:-1, max-image-preview:large, max-video-preview:-1\" \/>\n<meta property=\"og:locale\" content=\"vi_VN\" \/>\n<meta property=\"og:type\" content=\"article\" \/>\n<meta property=\"og:title\" content=\"Ch\u00ednh S\u00e1ch \u0110\u1ed5i Tr\u1ea3 - Royal Scent\" \/>\n<meta property=\"og:description\" content=\"CH\u00cdNH S\u00c1CH \u0110\u1ed4I TR\u1ea2 Ch\u00ednh s\u00e1ch \u0110\u1ed5i tr\u1ea3 \u0111\u01b0\u1ee3c \u00e1p d\u1ee5ng cho b\u1ea1n khi mua h\u00e0ng v\u00e0 thanh to\u00e1n tr\u00ean trang Keo.azdigi.shop. 1. Th\u1eddi gian \u0111\u1ed5i tr\u1ea3 s\u1ea3n ph\u1ea9m V\u1edbi s\u1ea3n ph\u1ea9m nguy\u00ean gi\u00e1 v\u00e0 gi\u1ea3m gi\u00e1 kh\u00f4ng qu\u00e1 30%: \u0111\u1ed5i h\u00e0ng trong v\u00f2ng 30 ng\u00e0y; V\u1edbi s\u1ea3n ph\u1ea9m gi\u1ea3m gi\u00e1 tr\u00ean 30%: \u00e1p d\u1ee5ng [...]\" \/>\n<meta property=\"og:url\" content=\"https:\/\/keo.azdigi.shop\/index.php\/chinh-sach-doi-tra\/\" \/>\n<meta property=\"og:site_name\" content=\"Royal Scent\" \/>\n<meta property=\"article:modified_time\" content=\"2026-04-19T10:23:15+00:00\" \/>\n<meta name=\"twitter:card\" content=\"summary_large_image\" \/>\n<meta name=\"twitter:label1\" content=\"\u01af\u1edbc t\u00ednh th\u1eddi gian \u0111\u1ecdc\" \/>\n\t<meta name=\"twitter:data1\" content=\"5 ph\u00fat\" \/>\n<script type=\"application\/ld+json\" class=\"yoast-schema-graph\">{\"@context\":\"https:\/\/schema.org\",\"@graph\":[{\"@type\":\"WebPage\",\"@id\":\"https:\/\/keo.azdigi.shop\/index.php\/chinh-sach-doi-tra\/\",\"url\":\"https:\/\/keo.azdigi.shop\/index.php\/chinh-sach-doi-tra\/\",\"name\":\"Ch\u00ednh S\u00e1ch \u0110\u1ed5i Tr\u1ea3 - Royal Scent\",\"isPartOf\":{\"@id\":\"https:\/\/keo.azdigi.shop\/#website\"},\"datePublished\":\"2026-04-13T04:13:12+00:00\",\"dateModified\":\"2026-04-19T10:23:15+00:00\",\"breadcrumb\":{\"@id\":\"https:\/\/keo.azdigi.shop\/index.php\/chinh-sach-doi-tra\/#breadcrumb\"},\"inLanguage\":\"vi\",\"potentialAction\":[{\"@type\":\"ReadAction\",\"target\":[\"https:\/\/keo.azdigi.shop\/index.php\/chinh-sach-doi-tra\/\"]}]},{\"@type\":\"BreadcrumbList\",\"@id\":\"https:\/\/keo.azdigi.shop\/index.php\/chinh-sach-doi-tra\/#breadcrumb\",\"itemListElement\":[{\"@type\":\"ListItem\",\"position\":1,\"name\":\"Home\",\"item\":\"https:\/\/keo.azdigi.shop\/\"},{\"@type\":\"ListItem\",\"position\":2,\"name\":\"Ch\u00ednh S\u00e1ch \u0110\u1ed5i Tr\u1ea3\"}]},{\"@type\":\"WebSite\",\"@id\":\"https:\/\/keo.azdigi.shop\/#website\",\"url\":\"https:\/\/keo.azdigi.shop\/\",\"name\":\"Royal Scent\",\"description\":\"\",\"potentialAction\":[{\"@type\":\"SearchAction\",\"target\":{\"@type\":\"EntryPoint\",\"urlTemplate\":\"https:\/\/keo.azdigi.shop\/?s={search_term_string}\"},\"query-input\":{\"@type\":\"PropertyValueSpecification\",\"valueRequired\":true,\"valueName\":\"search_term_string\"}}],\"inLanguage\":\"vi\"}]}<\/script>\n<!-- \/ Yoast SEO plugin. -->","yoast_head_json":{"title":"Ch\u00ednh S\u00e1ch \u0110\u1ed5i Tr\u1ea3 - Royal Scent","robots":{"index":"noindex","follow":"follow","max-snippet":"max-snippet:-1","max-image-preview":"max-image-preview:large","max-video-preview":"max-video-preview:-1"},"og_locale":"vi_VN","og_type":"article","og_title":"Ch\u00ednh S\u00e1ch \u0110\u1ed5i Tr\u1ea3 - Royal Scent","og_description":"CH\u00cdNH S\u00c1CH \u0110\u1ed4I TR\u1ea2 Ch\u00ednh s\u00e1ch \u0110\u1ed5i tr\u1ea3 \u0111\u01b0\u1ee3c \u00e1p d\u1ee5ng cho b\u1ea1n khi mua h\u00e0ng v\u00e0 thanh to\u00e1n tr\u00ean trang Keo.azdigi.shop. 1. Th\u1eddi gian \u0111\u1ed5i tr\u1ea3 s\u1ea3n ph\u1ea9m V\u1edbi s\u1ea3n ph\u1ea9m nguy\u00ean gi\u00e1 v\u00e0 gi\u1ea3m gi\u00e1 kh\u00f4ng qu\u00e1 30%: \u0111\u1ed5i h\u00e0ng trong v\u00f2ng 30 ng\u00e0y; V\u1edbi s\u1ea3n ph\u1ea9m gi\u1ea3m gi\u00e1 tr\u00ean 30%: \u00e1p d\u1ee5ng [...]","og_url":"https:\/\/keo.azdigi.shop\/index.php\/chinh-sach-doi-tra\/","og_site_name":"Royal Scent","article_modified_time":"2026-04-19T10:23:15+00:00","twitter_card":"summary_large_image","twitter_misc":{"\u01af\u1edbc t\u00ednh th\u1eddi gian \u0111\u1ecdc":"5 ph\u00fat"},"schema":{"@context":"https:\/\/schema.org","@graph":[{"@type":"WebPage","@id":"https:\/\/keo.azdigi.shop\/index.php\/chinh-sach-doi-tra\/","url":"https:\/\/keo.azdigi.shop\/index.php\/chinh-sach-doi-tra\/","name":"Ch\u00ednh S\u00e1ch \u0110\u1ed5i Tr\u1ea3 - Royal Scent","isPartOf":{"@id":"https:\/\/keo.azdigi.shop\/#website"},"datePublished":"2026-04-13T04:13:12+00:00","dateModified":"2026-04-19T10:23:15+00:00","breadcrumb":{"@id":"https:\/\/keo.azdigi.shop\/index.php\/chinh-sach-doi-tra\/#breadcrumb"},"inLanguage":"vi","potentialAction":[{"@type":"ReadAction","target":["https:\/\/keo.azdigi.shop\/index.php\/chinh-sach-doi-tra\/"]}]},{"@type":"BreadcrumbList","@id":"https:\/\/keo.azdigi.shop\/index.php\/chinh-sach-doi-tra\/#breadcrumb","itemListElement":[{"@type":"ListItem","position":1,"name":"Home","item":"https:\/\/keo.azdigi.shop\/"},{"@type":"ListItem","position":2,"name":"Ch\u00ednh S\u00e1ch \u0110\u1ed5i Tr\u1ea3"}]},{"@type":"WebSite","@id":"https:\/\/keo.azdigi.shop\/#website","url":"https:\/\/keo.azdigi.shop\/","name":"Royal Scent","description":"","potentialAction":[{"@type":"SearchAction","target":{"@type":"EntryPoint","urlTemplate":"https:\/\/keo.azdigi.shop\/?s={search_term_string}"},"query-input":{"@type":"PropertyValueSpecification","valueRequired":true,"valueName":"search_term_string"}}],"inLanguage":"vi"}]}},"_links":{"self":[{"href":"https:\/\/keo.azdigi.shop\/index.php\/wp-json\/wp\/v2\/pages\/770","targetHints":{"allow":["GET"]}}],"collection":[{"href":"https:\/\/keo.azdigi.shop\/index.php\/wp-json\/wp\/v2\/pages"}],"about":[{"href":"https:\/\/keo.azdigi.shop\/index.php\/wp-json\/wp\/v2\/types\/page"}],"author":[{"embeddable":true,"href":"https:\/\/keo.azdigi.shop\/index.php\/wp-json\/wp\/v2\/users\/1"}],"replies":[{"embeddable":true,"href":"https:\/\/keo.azdigi.shop\/index.php\/wp-json\/wp\/v2\/comments?post=770"}],"version-history":[{"count":4,"href":"https:\/\/keo.azdigi.shop\/index.php\/wp-json\/wp\/v2\/pages\/770\/revisions"}],"predecessor-version":[{"id":1456,"href":"https:\/\/keo.azdigi.shop\/index.php\/wp-json\/wp\/v2\/pages\/770\/revisions\/1456"}],"wp:attachment":[{"href":"https:\/\/keo.azdigi.shop\/index.php\/wp-json\/wp\/v2\/media?parent=770"}],"curies":[{"name":"wp","href":"https:\/\/api.w.org\/{rel}","templated":true}]}}