{"id":181,"date":"2026-03-21T15:53:54","date_gmt":"2026-03-21T15:53:54","guid":{"rendered":"https:\/\/keo.azdigi.shop\/?post_type=product&#038;p=181"},"modified":"2026-04-20T21:19:02","modified_gmt":"2026-04-20T14:19:02","slug":"valentino-valentina-edp","status":"publish","type":"product","link":"https:\/\/keo.azdigi.shop\/index.php\/product\/valentino-valentina-edp\/","title":{"rendered":"Valentino Valentina EDP"},"content":{"rendered":"<p><span data-sfc-root=\"c\" data-wiz-uids=\"SJmbLc_a\" data-sfc-cb=\"\" data-processed=\"true\"><a class=\"GI370e\" href=\"https:\/\/www.google.com\/search?sca_esv=63e1c1c2b01bb700&amp;rlz=1C1ONGR_enVN1072VN1072&amp;sxsrf=ANbL-n68Jhfwn56JkUCAjNZ12Bo8yUsdNw%3A1774108412182&amp;q=Valentino+Valentina+EDP+%282011%29&amp;source=lnms&amp;fbs=ADc_l-ZXQWBHI_L0epjkf31fijnbXSPRt3UPEhp-KmUrvgDudp8REbOZqjulWRZWTin-MPza85BBzMhaPG53g-b8d8PKqgJBfUwwbpRG_DQ9VdTGw9-N5shi3kZqbZqbeVBqT6GIykSAnKv4xwN2U366Pfb1s3qIuPDL4IPrUbl3dgKZq2O6kuJPt3ndMIaMw5QM1i5TccP2-xbQDTpwr3uCKXCxmnTqVGfRS2izgLUDhNrOcVI3LAc&amp;sa=X&amp;ved=2ahUKEwjH8NzurLGTAxXF8DQHHWLaHfUQgK4QegQIARAB&amp;biw=1536&amp;bih=730&amp;dpr=1.25&amp;mstk=AUtExfABHtWOiVpua-6gyTFdY7rw2qlU7dBPCB-njymlgZVv_TsiGzYfU2k3kOhEHaMPDaasHCZ4yhdRXedW_KNoNrg1O7iOvABFTD8y6AL9Z1MOWDV4G2ZmzwMPEniTrnFrNPkijwBOsyv7SmrUzC1EgO3uYxZ8enGo8sxWp0YziXZd-UY8mlZhGnZHFjpgey1xmAxonr1511O8OBq5gdNQOy3eJXXKLh8tNmo-GA8RTb3E3Ch0VKJmKpJu5lVYi1iC8q9rP_vZimDqWC7Bqc6gG-k9Ep7-aH6tWkUAGxyPfhbDeQ&amp;csui=3\" data-ved=\"2ahUKEwjH8NzurLGTAxXF8DQHHWLaHfUQgK4QegQIARAB\" data-hveid=\"CAEQAQ\" data-processed=\"true\">Valentino Valentina EDP (2011)<\/a><\/span>\u00a0<mark class=\"HxTRcb\" data-sfc-root=\"c\" data-sfc-cb=\"\" data-processed=\"true\">l\u00e0 h\u01b0\u01a1ng n\u01b0\u1edbc hoa hoa c\u1ecf ph\u01b0\u01a1ng \u0110\u00f4ng thanh l\u1ecbch, g\u1ee3i c\u1ea3m, mang \u0111\u1eadm d\u1ea5u \u1ea5n l\u00e3ng m\u1ea1n c\u1ee7a \u00dd<\/mark>. M\u00f9i h\u01b0\u01a1ng l\u00e0 s\u1ef1 k\u1ebft h\u1ee3p \u0111\u1ed9c \u0111\u00e1o gi\u1eefa n\u1ea5m truffle tr\u1eafng, hoa hu\u1ec7 n\u1ed3ng n\u00e0n v\u00e0 d\u00e2u t\u00e2y d\u1ea1i ng\u1ecdt ng\u00e0o, t\u1ea1o n\u00ean phong c\u00e1ch n\u1eef t\u00ednh, sang tr\u1ecdng v\u00e0 thu h\u00fat.<span class=\"uJ19be notranslate\" data-sfc-root=\"c\" data-wiz-uids=\"SJmbLc_e,SJmbLc_f\" data-sfc-cb=\"\" data-processed=\"true\"><span class=\"vKEkVd\" data-animation-atomic=\"\" data-wiz-attrbind=\"class=SJmbLc_d\/TKHnVd\" data-processed=\"true\"><span aria-hidden=\"true\" data-processed=\"true\">\u00a0<\/span><\/span><\/span><\/p>\n","protected":false},"excerpt":{"rendered":"<p>Valentino Valentina EDP (2011)\u00a0l\u00e0 h\u01b0\u01a1ng n\u01b0\u1edbc hoa hoa c\u1ecf ph\u01b0\u01a1ng \u0110\u00f4ng thanh l\u1ecbch, g\u1ee3i c\u1ea3m, mang \u0111\u1eadm d\u1ea5u \u1ea5n l\u00e3ng m\u1ea1n c\u1ee7a \u00dd. M\u00f9i h\u01b0\u01a1ng l\u00e0 s\u1ef1 k\u1ebft h\u1ee3p \u0111\u1ed9c \u0111\u00e1o gi\u1eefa n\u1ea5m truffle tr\u1eafng, hoa hu\u1ec7 n\u1ed3ng n\u00e0n v\u00e0 d\u00e2u t\u00e2y d\u1ea1i ng\u1ecdt ng\u00e0o, t\u1ea1o n\u00ean phong c\u00e1ch n\u1eef t\u00ednh, sang tr\u1ecdng v\u00e0 thu [&#8230;]\n","protected":false},"featured_media":182,"comment_status":"open","ping_status":"closed","template":"","meta":{"_eb_attr":""},"product_brand":[],"product_cat":[62,28],"product_tag":[],"class_list":{"0":"post-181","1":"product","2":"type-product","3":"status-publish","4":"has-post-thumbnail","6":"product_cat-flash-sale","7":"product_cat-valentino","9":"first","10":"instock","11":"sale","12":"featured","13":"taxable","14":"shipping-taxable","15":"purchasable","16":"product-type-variable"},"yoast_head":"<!-- This site is optimized with the Yoast SEO plugin v27.2 - https:\/\/yoast.com\/product\/yoast-seo-wordpress\/ -->\n<title>Valentino Valentina EDP - Royal Scent<\/title>\n<meta name=\"robots\" content=\"noindex, follow, max-snippet:-1, max-image-preview:large, max-video-preview:-1\" \/>\n<meta property=\"og:locale\" content=\"vi_VN\" \/>\n<meta property=\"og:type\" content=\"article\" \/>\n<meta property=\"og:title\" content=\"Valentino Valentina EDP - Royal Scent\" \/>\n<meta property=\"og:description\" content=\"Valentino Valentina EDP (2011)\u00a0l\u00e0 h\u01b0\u01a1ng n\u01b0\u1edbc hoa hoa c\u1ecf ph\u01b0\u01a1ng \u0110\u00f4ng thanh l\u1ecbch, g\u1ee3i c\u1ea3m, mang \u0111\u1eadm d\u1ea5u \u1ea5n l\u00e3ng m\u1ea1n c\u1ee7a \u00dd. M\u00f9i h\u01b0\u01a1ng l\u00e0 s\u1ef1 k\u1ebft h\u1ee3p \u0111\u1ed9c \u0111\u00e1o gi\u1eefa n\u1ea5m truffle tr\u1eafng, hoa hu\u1ec7 n\u1ed3ng n\u00e0n v\u00e0 d\u00e2u t\u00e2y d\u1ea1i ng\u1ecdt ng\u00e0o, t\u1ea1o n\u00ean phong c\u00e1ch n\u1eef t\u00ednh, sang tr\u1ecdng v\u00e0 thu [...]\" \/>\n<meta property=\"og:url\" content=\"https:\/\/keo.azdigi.shop\/index.php\/product\/valentino-valentina-edp\/\" \/>\n<meta property=\"og:site_name\" content=\"Royal Scent\" \/>\n<meta property=\"article:modified_time\" content=\"2026-04-20T14:19:02+00:00\" \/>\n<meta property=\"og:image\" content=\"https:\/\/keo.azdigi.shop\/wp-content\/uploads\/2026\/03\/1758701628.0257.webp\" \/>\n\t<meta property=\"og:image:width\" content=\"800\" \/>\n\t<meta property=\"og:image:height\" content=\"800\" \/>\n\t<meta property=\"og:image:type\" content=\"image\/webp\" \/>\n<meta name=\"twitter:card\" content=\"summary_large_image\" \/>\n<meta name=\"twitter:label1\" content=\"\u01af\u1edbc t\u00ednh th\u1eddi gian \u0111\u1ecdc\" \/>\n\t<meta name=\"twitter:data1\" content=\"1 ph\u00fat\" \/>\n<script type=\"application\/ld+json\" class=\"yoast-schema-graph\">{\"@context\":\"https:\/\/schema.org\",\"@graph\":[{\"@type\":\"WebPage\",\"@id\":\"https:\/\/keo.azdigi.shop\/index.php\/product\/valentino-valentina-edp\/\",\"url\":\"https:\/\/keo.azdigi.shop\/index.php\/product\/valentino-valentina-edp\/\",\"name\":\"Valentino Valentina EDP - Royal Scent\",\"isPartOf\":{\"@id\":\"https:\/\/keo.azdigi.shop\/#website\"},\"primaryImageOfPage\":{\"@id\":\"https:\/\/keo.azdigi.shop\/index.php\/product\/valentino-valentina-edp\/#primaryimage\"},\"image\":{\"@id\":\"https:\/\/keo.azdigi.shop\/index.php\/product\/valentino-valentina-edp\/#primaryimage\"},\"thumbnailUrl\":\"https:\/\/keo.azdigi.shop\/wp-content\/uploads\/2026\/03\/1758701628.0257.webp\",\"datePublished\":\"2026-03-21T15:53:54+00:00\",\"dateModified\":\"2026-04-20T14:19:02+00:00\",\"breadcrumb\":{\"@id\":\"https:\/\/keo.azdigi.shop\/index.php\/product\/valentino-valentina-edp\/#breadcrumb\"},\"inLanguage\":\"vi\",\"potentialAction\":[{\"@type\":\"ReadAction\",\"target\":[\"https:\/\/keo.azdigi.shop\/index.php\/product\/valentino-valentina-edp\/\"]}]},{\"@type\":\"ImageObject\",\"inLanguage\":\"vi\",\"@id\":\"https:\/\/keo.azdigi.shop\/index.php\/product\/valentino-valentina-edp\/#primaryimage\",\"url\":\"https:\/\/keo.azdigi.shop\/wp-content\/uploads\/2026\/03\/1758701628.0257.webp\",\"contentUrl\":\"https:\/\/keo.azdigi.shop\/wp-content\/uploads\/2026\/03\/1758701628.0257.webp\",\"width\":800,\"height\":800},{\"@type\":\"BreadcrumbList\",\"@id\":\"https:\/\/keo.azdigi.shop\/index.php\/product\/valentino-valentina-edp\/#breadcrumb\",\"itemListElement\":[{\"@type\":\"ListItem\",\"position\":1,\"name\":\"Home\",\"item\":\"https:\/\/keo.azdigi.shop\/\"},{\"@type\":\"ListItem\",\"position\":2,\"name\":\"Shop\",\"item\":\"https:\/\/keo.azdigi.shop\/index.php\/shop\/\"},{\"@type\":\"ListItem\",\"position\":3,\"name\":\"Valentino Valentina EDP\"}]},{\"@type\":\"WebSite\",\"@id\":\"https:\/\/keo.azdigi.shop\/#website\",\"url\":\"https:\/\/keo.azdigi.shop\/\",\"name\":\"Royal Scent\",\"description\":\"\",\"potentialAction\":[{\"@type\":\"SearchAction\",\"target\":{\"@type\":\"EntryPoint\",\"urlTemplate\":\"https:\/\/keo.azdigi.shop\/?s={search_term_string}\"},\"query-input\":{\"@type\":\"PropertyValueSpecification\",\"valueRequired\":true,\"valueName\":\"search_term_string\"}}],\"inLanguage\":\"vi\"}]}<\/script>\n<!-- \/ Yoast SEO plugin. -->","yoast_head_json":{"title":"Valentino Valentina EDP - Royal Scent","robots":{"index":"noindex","follow":"follow","max-snippet":"max-snippet:-1","max-image-preview":"max-image-preview:large","max-video-preview":"max-video-preview:-1"},"og_locale":"vi_VN","og_type":"article","og_title":"Valentino Valentina EDP - Royal Scent","og_description":"Valentino Valentina EDP (2011)\u00a0l\u00e0 h\u01b0\u01a1ng n\u01b0\u1edbc hoa hoa c\u1ecf ph\u01b0\u01a1ng \u0110\u00f4ng thanh l\u1ecbch, g\u1ee3i c\u1ea3m, mang \u0111\u1eadm d\u1ea5u \u1ea5n l\u00e3ng m\u1ea1n c\u1ee7a \u00dd. M\u00f9i h\u01b0\u01a1ng l\u00e0 s\u1ef1 k\u1ebft h\u1ee3p \u0111\u1ed9c \u0111\u00e1o gi\u1eefa n\u1ea5m truffle tr\u1eafng, hoa hu\u1ec7 n\u1ed3ng n\u00e0n v\u00e0 d\u00e2u t\u00e2y d\u1ea1i ng\u1ecdt ng\u00e0o, t\u1ea1o n\u00ean phong c\u00e1ch n\u1eef t\u00ednh, sang tr\u1ecdng v\u00e0 thu [...]","og_url":"https:\/\/keo.azdigi.shop\/index.php\/product\/valentino-valentina-edp\/","og_site_name":"Royal Scent","article_modified_time":"2026-04-20T14:19:02+00:00","og_image":[{"width":800,"height":800,"url":"https:\/\/keo.azdigi.shop\/wp-content\/uploads\/2026\/03\/1758701628.0257.webp","type":"image\/webp"}],"twitter_card":"summary_large_image","twitter_misc":{"\u01af\u1edbc t\u00ednh th\u1eddi gian \u0111\u1ecdc":"1 ph\u00fat"},"schema":{"@context":"https:\/\/schema.org","@graph":[{"@type":"WebPage","@id":"https:\/\/keo.azdigi.shop\/index.php\/product\/valentino-valentina-edp\/","url":"https:\/\/keo.azdigi.shop\/index.php\/product\/valentino-valentina-edp\/","name":"Valentino Valentina EDP - Royal Scent","isPartOf":{"@id":"https:\/\/keo.azdigi.shop\/#website"},"primaryImageOfPage":{"@id":"https:\/\/keo.azdigi.shop\/index.php\/product\/valentino-valentina-edp\/#primaryimage"},"image":{"@id":"https:\/\/keo.azdigi.shop\/index.php\/product\/valentino-valentina-edp\/#primaryimage"},"thumbnailUrl":"https:\/\/keo.azdigi.shop\/wp-content\/uploads\/2026\/03\/1758701628.0257.webp","datePublished":"2026-03-21T15:53:54+00:00","dateModified":"2026-04-20T14:19:02+00:00","breadcrumb":{"@id":"https:\/\/keo.azdigi.shop\/index.php\/product\/valentino-valentina-edp\/#breadcrumb"},"inLanguage":"vi","potentialAction":[{"@type":"ReadAction","target":["https:\/\/keo.azdigi.shop\/index.php\/product\/valentino-valentina-edp\/"]}]},{"@type":"ImageObject","inLanguage":"vi","@id":"https:\/\/keo.azdigi.shop\/index.php\/product\/valentino-valentina-edp\/#primaryimage","url":"https:\/\/keo.azdigi.shop\/wp-content\/uploads\/2026\/03\/1758701628.0257.webp","contentUrl":"https:\/\/keo.azdigi.shop\/wp-content\/uploads\/2026\/03\/1758701628.0257.webp","width":800,"height":800},{"@type":"BreadcrumbList","@id":"https:\/\/keo.azdigi.shop\/index.php\/product\/valentino-valentina-edp\/#breadcrumb","itemListElement":[{"@type":"ListItem","position":1,"name":"Home","item":"https:\/\/keo.azdigi.shop\/"},{"@type":"ListItem","position":2,"name":"Shop","item":"https:\/\/keo.azdigi.shop\/index.php\/shop\/"},{"@type":"ListItem","position":3,"name":"Valentino Valentina EDP"}]},{"@type":"WebSite","@id":"https:\/\/keo.azdigi.shop\/#website","url":"https:\/\/keo.azdigi.shop\/","name":"Royal Scent","description":"","potentialAction":[{"@type":"SearchAction","target":{"@type":"EntryPoint","urlTemplate":"https:\/\/keo.azdigi.shop\/?s={search_term_string}"},"query-input":{"@type":"PropertyValueSpecification","valueRequired":true,"valueName":"search_term_string"}}],"inLanguage":"vi"}]}},"_links":{"self":[{"href":"https:\/\/keo.azdigi.shop\/index.php\/wp-json\/wp\/v2\/product\/181","targetHints":{"allow":["GET"]}}],"collection":[{"href":"https:\/\/keo.azdigi.shop\/index.php\/wp-json\/wp\/v2\/product"}],"about":[{"href":"https:\/\/keo.azdigi.shop\/index.php\/wp-json\/wp\/v2\/types\/product"}],"replies":[{"embeddable":true,"href":"https:\/\/keo.azdigi.shop\/index.php\/wp-json\/wp\/v2\/comments?post=181"}],"wp:featuredmedia":[{"embeddable":true,"href":"https:\/\/keo.azdigi.shop\/index.php\/wp-json\/wp\/v2\/media\/182"}],"wp:attachment":[{"href":"https:\/\/keo.azdigi.shop\/index.php\/wp-json\/wp\/v2\/media?parent=181"}],"wp:term":[{"taxonomy":"product_brand","embeddable":true,"href":"https:\/\/keo.azdigi.shop\/index.php\/wp-json\/wp\/v2\/product_brand?post=181"},{"taxonomy":"product_cat","embeddable":true,"href":"https:\/\/keo.azdigi.shop\/index.php\/wp-json\/wp\/v2\/product_cat?post=181"},{"taxonomy":"product_tag","embeddable":true,"href":"https:\/\/keo.azdigi.shop\/index.php\/wp-json\/wp\/v2\/product_tag?post=181"}],"curies":[{"name":"wp","href":"https:\/\/api.w.org\/{rel}","templated":true}]}}