{"id":242,"date":"2026-03-29T13:46:08","date_gmt":"2026-03-29T06:46:08","guid":{"rendered":"https:\/\/keo.azdigi.shop\/?post_type=product&#038;p=242"},"modified":"2026-04-20T20:59:11","modified_gmt":"2026-04-20T13:59:11","slug":"kem-nen-dior-forever-skin-perfect-multi-use-foundation-stick-blur-perfection-24h-wear-and-hydration-neutral-tone-7n-10g","status":"publish","type":"product","link":"https:\/\/keo.azdigi.shop\/index.php\/product\/kem-nen-dior-forever-skin-perfect-multi-use-foundation-stick-blur-perfection-24h-wear-and-hydration-neutral-tone-7n-10g\/","title":{"rendered":"Kem N\u1ec1n Dior Forever Skin Perfect Multi Use Foundation Stick Blur Perfection 24H Wear And Hydration Neutral Tone 7N 10g"},"content":{"rendered":"<p>Dior Forever Skin Perfect Multi-Use Foundation Stick l\u00e0 d\u00f2ng kem n\u1ec1n d\u1ea1ng th\u1ecfi \u0111a n\u0103ng \u0111\u1ea7u ti\u00ean c\u1ee7a Dior, mang l\u1ea1i l\u1edbp n\u1ec1n m\u1edd (matte) t\u1ef1 nhi\u00ean, kh\u1ea3 n\u0103ng l\u00e0m m\u1edd khuy\u1ebft \u0111i\u1ec3m v\u00e0 c\u1ea5p \u1ea9m su\u1ed1t 24 gi\u1edd. Tone 7N (Neutral) l\u00e0 t\u00f4ng m\u00e0u trung t\u00ednh d\u00e0nh cho l\u00e0n da ng\u0103m \u0111en.<\/p>\n","protected":false},"excerpt":{"rendered":"<p>Dior Forever Skin Perfect Multi-Use Foundation Stick l\u00e0 d\u00f2ng kem n\u1ec1n d\u1ea1ng th\u1ecfi \u0111a n\u0103ng \u0111\u1ea7u ti\u00ean c\u1ee7a Dior, mang l\u1ea1i l\u1edbp n\u1ec1n m\u1edd (matte) t\u1ef1 nhi\u00ean, kh\u1ea3 n\u0103ng l\u00e0m m\u1edd khuy\u1ebft \u0111i\u1ec3m v\u00e0 c\u1ea5p \u1ea9m su\u1ed1t 24 gi\u1edd. Tone 7N (Neutral) l\u00e0 t\u00f4ng m\u00e0u trung t\u00ednh d\u00e0nh cho l\u00e0n da ng\u0103m \u0111en.<\/p>\n","protected":false},"featured_media":243,"comment_status":"open","ping_status":"closed","template":"","meta":{"_eb_attr":""},"product_brand":[],"product_cat":[25,62],"product_tag":[],"class_list":{"0":"post-242","1":"product","2":"type-product","3":"status-publish","4":"has-post-thumbnail","6":"product_cat-dior","7":"product_cat-flash-sale","9":"first","10":"instock","11":"featured","12":"taxable","13":"shipping-taxable","14":"purchasable","15":"product-type-variable"},"yoast_head":"<!-- This site is optimized with the Yoast SEO plugin v27.2 - https:\/\/yoast.com\/product\/yoast-seo-wordpress\/ -->\n<title>Kem N\u1ec1n Dior Forever Skin Perfect Multi Use Foundation Stick Blur Perfection 24H Wear And Hydration Neutral Tone 7N 10g - Royal Scent<\/title>\n<meta name=\"robots\" content=\"noindex, follow, max-snippet:-1, max-image-preview:large, max-video-preview:-1\" \/>\n<meta property=\"og:locale\" content=\"vi_VN\" \/>\n<meta property=\"og:type\" content=\"article\" \/>\n<meta property=\"og:title\" content=\"Kem N\u1ec1n Dior Forever Skin Perfect Multi Use Foundation Stick Blur Perfection 24H Wear And Hydration Neutral Tone 7N 10g - Royal Scent\" \/>\n<meta property=\"og:description\" content=\"Dior Forever Skin Perfect Multi-Use Foundation Stick l\u00e0 d\u00f2ng kem n\u1ec1n d\u1ea1ng th\u1ecfi \u0111a n\u0103ng \u0111\u1ea7u ti\u00ean c\u1ee7a Dior, mang l\u1ea1i l\u1edbp n\u1ec1n m\u1edd (matte) t\u1ef1 nhi\u00ean, kh\u1ea3 n\u0103ng l\u00e0m m\u1edd khuy\u1ebft \u0111i\u1ec3m v\u00e0 c\u1ea5p \u1ea9m su\u1ed1t 24 gi\u1edd. Tone 7N (Neutral) l\u00e0 t\u00f4ng m\u00e0u trung t\u00ednh d\u00e0nh cho l\u00e0n da ng\u0103m \u0111en.\" \/>\n<meta property=\"og:url\" content=\"https:\/\/keo.azdigi.shop\/index.php\/product\/kem-nen-dior-forever-skin-perfect-multi-use-foundation-stick-blur-perfection-24h-wear-and-hydration-neutral-tone-7n-10g\/\" \/>\n<meta property=\"og:site_name\" content=\"Royal Scent\" \/>\n<meta property=\"article:modified_time\" content=\"2026-04-20T13:59:11+00:00\" \/>\n<meta property=\"og:image\" content=\"https:\/\/keo.azdigi.shop\/wp-content\/uploads\/2026\/03\/images.jpg\" \/>\n\t<meta property=\"og:image:width\" content=\"221\" \/>\n\t<meta property=\"og:image:height\" content=\"228\" \/>\n\t<meta property=\"og:image:type\" content=\"image\/jpeg\" \/>\n<meta name=\"twitter:card\" content=\"summary_large_image\" \/>\n<meta name=\"twitter:label1\" content=\"\u01af\u1edbc t\u00ednh th\u1eddi gian \u0111\u1ecdc\" \/>\n\t<meta name=\"twitter:data1\" content=\"1 ph\u00fat\" \/>\n<script type=\"application\/ld+json\" class=\"yoast-schema-graph\">{\"@context\":\"https:\/\/schema.org\",\"@graph\":[{\"@type\":\"WebPage\",\"@id\":\"https:\/\/keo.azdigi.shop\/index.php\/product\/kem-nen-dior-forever-skin-perfect-multi-use-foundation-stick-blur-perfection-24h-wear-and-hydration-neutral-tone-7n-10g\/\",\"url\":\"https:\/\/keo.azdigi.shop\/index.php\/product\/kem-nen-dior-forever-skin-perfect-multi-use-foundation-stick-blur-perfection-24h-wear-and-hydration-neutral-tone-7n-10g\/\",\"name\":\"Kem N\u1ec1n Dior Forever Skin Perfect Multi Use Foundation Stick Blur Perfection 24H Wear And Hydration Neutral Tone 7N 10g - Royal Scent\",\"isPartOf\":{\"@id\":\"https:\/\/keo.azdigi.shop\/#website\"},\"primaryImageOfPage\":{\"@id\":\"https:\/\/keo.azdigi.shop\/index.php\/product\/kem-nen-dior-forever-skin-perfect-multi-use-foundation-stick-blur-perfection-24h-wear-and-hydration-neutral-tone-7n-10g\/#primaryimage\"},\"image\":{\"@id\":\"https:\/\/keo.azdigi.shop\/index.php\/product\/kem-nen-dior-forever-skin-perfect-multi-use-foundation-stick-blur-perfection-24h-wear-and-hydration-neutral-tone-7n-10g\/#primaryimage\"},\"thumbnailUrl\":\"https:\/\/keo.azdigi.shop\/wp-content\/uploads\/2026\/03\/images.jpg\",\"datePublished\":\"2026-03-29T06:46:08+00:00\",\"dateModified\":\"2026-04-20T13:59:11+00:00\",\"breadcrumb\":{\"@id\":\"https:\/\/keo.azdigi.shop\/index.php\/product\/kem-nen-dior-forever-skin-perfect-multi-use-foundation-stick-blur-perfection-24h-wear-and-hydration-neutral-tone-7n-10g\/#breadcrumb\"},\"inLanguage\":\"vi\",\"potentialAction\":[{\"@type\":\"ReadAction\",\"target\":[\"https:\/\/keo.azdigi.shop\/index.php\/product\/kem-nen-dior-forever-skin-perfect-multi-use-foundation-stick-blur-perfection-24h-wear-and-hydration-neutral-tone-7n-10g\/\"]}]},{\"@type\":\"ImageObject\",\"inLanguage\":\"vi\",\"@id\":\"https:\/\/keo.azdigi.shop\/index.php\/product\/kem-nen-dior-forever-skin-perfect-multi-use-foundation-stick-blur-perfection-24h-wear-and-hydration-neutral-tone-7n-10g\/#primaryimage\",\"url\":\"https:\/\/keo.azdigi.shop\/wp-content\/uploads\/2026\/03\/images.jpg\",\"contentUrl\":\"https:\/\/keo.azdigi.shop\/wp-content\/uploads\/2026\/03\/images.jpg\",\"width\":221,\"height\":228},{\"@type\":\"BreadcrumbList\",\"@id\":\"https:\/\/keo.azdigi.shop\/index.php\/product\/kem-nen-dior-forever-skin-perfect-multi-use-foundation-stick-blur-perfection-24h-wear-and-hydration-neutral-tone-7n-10g\/#breadcrumb\",\"itemListElement\":[{\"@type\":\"ListItem\",\"position\":1,\"name\":\"Home\",\"item\":\"https:\/\/keo.azdigi.shop\/\"},{\"@type\":\"ListItem\",\"position\":2,\"name\":\"Shop\",\"item\":\"https:\/\/keo.azdigi.shop\/index.php\/shop\/\"},{\"@type\":\"ListItem\",\"position\":3,\"name\":\"Kem N\u1ec1n Dior Forever Skin Perfect Multi Use Foundation Stick Blur Perfection 24H Wear And Hydration Neutral Tone 7N 10g\"}]},{\"@type\":\"WebSite\",\"@id\":\"https:\/\/keo.azdigi.shop\/#website\",\"url\":\"https:\/\/keo.azdigi.shop\/\",\"name\":\"Royal Scent\",\"description\":\"\",\"potentialAction\":[{\"@type\":\"SearchAction\",\"target\":{\"@type\":\"EntryPoint\",\"urlTemplate\":\"https:\/\/keo.azdigi.shop\/?s={search_term_string}\"},\"query-input\":{\"@type\":\"PropertyValueSpecification\",\"valueRequired\":true,\"valueName\":\"search_term_string\"}}],\"inLanguage\":\"vi\"}]}<\/script>\n<!-- \/ Yoast SEO plugin. -->","yoast_head_json":{"title":"Kem N\u1ec1n Dior Forever Skin Perfect Multi Use Foundation Stick Blur Perfection 24H Wear And Hydration Neutral Tone 7N 10g - Royal Scent","robots":{"index":"noindex","follow":"follow","max-snippet":"max-snippet:-1","max-image-preview":"max-image-preview:large","max-video-preview":"max-video-preview:-1"},"og_locale":"vi_VN","og_type":"article","og_title":"Kem N\u1ec1n Dior Forever Skin Perfect Multi Use Foundation Stick Blur Perfection 24H Wear And Hydration Neutral Tone 7N 10g - Royal Scent","og_description":"Dior Forever Skin Perfect Multi-Use Foundation Stick l\u00e0 d\u00f2ng kem n\u1ec1n d\u1ea1ng th\u1ecfi \u0111a n\u0103ng \u0111\u1ea7u ti\u00ean c\u1ee7a Dior, mang l\u1ea1i l\u1edbp n\u1ec1n m\u1edd (matte) t\u1ef1 nhi\u00ean, kh\u1ea3 n\u0103ng l\u00e0m m\u1edd khuy\u1ebft \u0111i\u1ec3m v\u00e0 c\u1ea5p \u1ea9m su\u1ed1t 24 gi\u1edd. Tone 7N (Neutral) l\u00e0 t\u00f4ng m\u00e0u trung t\u00ednh d\u00e0nh cho l\u00e0n da ng\u0103m \u0111en.","og_url":"https:\/\/keo.azdigi.shop\/index.php\/product\/kem-nen-dior-forever-skin-perfect-multi-use-foundation-stick-blur-perfection-24h-wear-and-hydration-neutral-tone-7n-10g\/","og_site_name":"Royal Scent","article_modified_time":"2026-04-20T13:59:11+00:00","og_image":[{"width":221,"height":228,"url":"https:\/\/keo.azdigi.shop\/wp-content\/uploads\/2026\/03\/images.jpg","type":"image\/jpeg"}],"twitter_card":"summary_large_image","twitter_misc":{"\u01af\u1edbc t\u00ednh th\u1eddi gian \u0111\u1ecdc":"1 ph\u00fat"},"schema":{"@context":"https:\/\/schema.org","@graph":[{"@type":"WebPage","@id":"https:\/\/keo.azdigi.shop\/index.php\/product\/kem-nen-dior-forever-skin-perfect-multi-use-foundation-stick-blur-perfection-24h-wear-and-hydration-neutral-tone-7n-10g\/","url":"https:\/\/keo.azdigi.shop\/index.php\/product\/kem-nen-dior-forever-skin-perfect-multi-use-foundation-stick-blur-perfection-24h-wear-and-hydration-neutral-tone-7n-10g\/","name":"Kem N\u1ec1n Dior Forever Skin Perfect Multi Use Foundation Stick Blur Perfection 24H Wear And Hydration Neutral Tone 7N 10g - Royal Scent","isPartOf":{"@id":"https:\/\/keo.azdigi.shop\/#website"},"primaryImageOfPage":{"@id":"https:\/\/keo.azdigi.shop\/index.php\/product\/kem-nen-dior-forever-skin-perfect-multi-use-foundation-stick-blur-perfection-24h-wear-and-hydration-neutral-tone-7n-10g\/#primaryimage"},"image":{"@id":"https:\/\/keo.azdigi.shop\/index.php\/product\/kem-nen-dior-forever-skin-perfect-multi-use-foundation-stick-blur-perfection-24h-wear-and-hydration-neutral-tone-7n-10g\/#primaryimage"},"thumbnailUrl":"https:\/\/keo.azdigi.shop\/wp-content\/uploads\/2026\/03\/images.jpg","datePublished":"2026-03-29T06:46:08+00:00","dateModified":"2026-04-20T13:59:11+00:00","breadcrumb":{"@id":"https:\/\/keo.azdigi.shop\/index.php\/product\/kem-nen-dior-forever-skin-perfect-multi-use-foundation-stick-blur-perfection-24h-wear-and-hydration-neutral-tone-7n-10g\/#breadcrumb"},"inLanguage":"vi","potentialAction":[{"@type":"ReadAction","target":["https:\/\/keo.azdigi.shop\/index.php\/product\/kem-nen-dior-forever-skin-perfect-multi-use-foundation-stick-blur-perfection-24h-wear-and-hydration-neutral-tone-7n-10g\/"]}]},{"@type":"ImageObject","inLanguage":"vi","@id":"https:\/\/keo.azdigi.shop\/index.php\/product\/kem-nen-dior-forever-skin-perfect-multi-use-foundation-stick-blur-perfection-24h-wear-and-hydration-neutral-tone-7n-10g\/#primaryimage","url":"https:\/\/keo.azdigi.shop\/wp-content\/uploads\/2026\/03\/images.jpg","contentUrl":"https:\/\/keo.azdigi.shop\/wp-content\/uploads\/2026\/03\/images.jpg","width":221,"height":228},{"@type":"BreadcrumbList","@id":"https:\/\/keo.azdigi.shop\/index.php\/product\/kem-nen-dior-forever-skin-perfect-multi-use-foundation-stick-blur-perfection-24h-wear-and-hydration-neutral-tone-7n-10g\/#breadcrumb","itemListElement":[{"@type":"ListItem","position":1,"name":"Home","item":"https:\/\/keo.azdigi.shop\/"},{"@type":"ListItem","position":2,"name":"Shop","item":"https:\/\/keo.azdigi.shop\/index.php\/shop\/"},{"@type":"ListItem","position":3,"name":"Kem N\u1ec1n Dior Forever Skin Perfect Multi Use Foundation Stick Blur Perfection 24H Wear And Hydration Neutral Tone 7N 10g"}]},{"@type":"WebSite","@id":"https:\/\/keo.azdigi.shop\/#website","url":"https:\/\/keo.azdigi.shop\/","name":"Royal Scent","description":"","potentialAction":[{"@type":"SearchAction","target":{"@type":"EntryPoint","urlTemplate":"https:\/\/keo.azdigi.shop\/?s={search_term_string}"},"query-input":{"@type":"PropertyValueSpecification","valueRequired":true,"valueName":"search_term_string"}}],"inLanguage":"vi"}]}},"_links":{"self":[{"href":"https:\/\/keo.azdigi.shop\/index.php\/wp-json\/wp\/v2\/product\/242","targetHints":{"allow":["GET"]}}],"collection":[{"href":"https:\/\/keo.azdigi.shop\/index.php\/wp-json\/wp\/v2\/product"}],"about":[{"href":"https:\/\/keo.azdigi.shop\/index.php\/wp-json\/wp\/v2\/types\/product"}],"replies":[{"embeddable":true,"href":"https:\/\/keo.azdigi.shop\/index.php\/wp-json\/wp\/v2\/comments?post=242"}],"wp:featuredmedia":[{"embeddable":true,"href":"https:\/\/keo.azdigi.shop\/index.php\/wp-json\/wp\/v2\/media\/243"}],"wp:attachment":[{"href":"https:\/\/keo.azdigi.shop\/index.php\/wp-json\/wp\/v2\/media?parent=242"}],"wp:term":[{"taxonomy":"product_brand","embeddable":true,"href":"https:\/\/keo.azdigi.shop\/index.php\/wp-json\/wp\/v2\/product_brand?post=242"},{"taxonomy":"product_cat","embeddable":true,"href":"https:\/\/keo.azdigi.shop\/index.php\/wp-json\/wp\/v2\/product_cat?post=242"},{"taxonomy":"product_tag","embeddable":true,"href":"https:\/\/keo.azdigi.shop\/index.php\/wp-json\/wp\/v2\/product_tag?post=242"}],"curies":[{"name":"wp","href":"https:\/\/api.w.org\/{rel}","templated":true}]}}