{"id":561,"date":"2026-04-11T11:55:46","date_gmt":"2026-04-11T04:55:46","guid":{"rendered":"https:\/\/keo.azdigi.shop\/?post_type=product&#038;p=561"},"modified":"2026-04-11T12:03:13","modified_gmt":"2026-04-11T05:03:13","slug":"nen-thom-den-baies-600g","status":"publish","type":"product","link":"https:\/\/keo.azdigi.shop\/index.php\/product\/nen-thom-den-baies-600g\/","title":{"rendered":"N\u1ebfn th\u01a1m \u0111en Baies"},"content":{"rendered":"<h1 class=\"product-section-title\" data-role=\"title\"><em><strong>M\u00f4 t\u1ea3 s\u1ea3n ph\u1ea9m<\/strong><\/em><\/h1>\n<h3 class=\"product-section-content\" data-role=\"content\"><em><strong>B\u1ed9 h\u01b0\u01a1ng Tr\u00e1i c\u00e2y<\/strong><\/em><\/h3>\n<p><em><strong>L\u1ea5y c\u1ea3m h\u1ee9ng t\u1eeb nh\u1eefng tr\u00e1i berry m\u1edbi h\u00e1i. H\u01b0\u01a1ng th\u01a1m m\u00e1t l\u1ea1nh v\u00e0 chua ng\u1ecdt c\u1ee7a qu\u1ea3 l\u00fd chua \u0111en h\u00f2a quy\u1ec7n v\u1edbi nh\u1eefng \u0111i\u1ec3m nh\u1ea5n t\u01b0\u01a1i t\u1eafn v\u00e0 hoa c\u1ecf c\u1ee7a hoa h\u1ed3ng trong ng\u1ecdn n\u1ebfn n\u00e0y. Bi\u1ec3u t\u01b0\u1ee3ng h\u00ecnh b\u1ea7u d\u1ee5c \u0111\u1eb7c tr\u01b0ng c\u1ee7a Maison \u0111\u01b0\u1ee3c in n\u1ed5i tr\u00ean b\u00ecnh s\u1ee9 th\u1ee7 c\u00f4ng.<\/strong><\/em><\/p>\n","protected":false},"excerpt":{"rendered":"<p>M\u00f4 t\u1ea3 s\u1ea3n ph\u1ea9m B\u1ed9 h\u01b0\u01a1ng Tr\u00e1i c\u00e2y L\u1ea5y c\u1ea3m h\u1ee9ng t\u1eeb nh\u1eefng tr\u00e1i berry m\u1edbi h\u00e1i. H\u01b0\u01a1ng th\u01a1m m\u00e1t l\u1ea1nh v\u00e0 chua ng\u1ecdt c\u1ee7a qu\u1ea3 l\u00fd chua \u0111en h\u00f2a quy\u1ec7n v\u1edbi nh\u1eefng \u0111i\u1ec3m nh\u1ea5n t\u01b0\u01a1i t\u1eafn v\u00e0 hoa c\u1ecf c\u1ee7a hoa h\u1ed3ng trong ng\u1ecdn n\u1ebfn n\u00e0y. Bi\u1ec3u t\u01b0\u1ee3ng h\u00ecnh b\u1ea7u d\u1ee5c \u0111\u1eb7c tr\u01b0ng c\u1ee7a [&#8230;]\n","protected":false},"featured_media":562,"comment_status":"open","ping_status":"closed","template":"","meta":{"_eb_attr":""},"product_brand":[],"product_cat":[24],"product_tag":[],"class_list":{"0":"post-561","1":"product","2":"type-product","3":"status-publish","4":"has-post-thumbnail","6":"product_cat-diptyque","8":"first","9":"instock","10":"taxable","11":"shipping-taxable","12":"purchasable","13":"product-type-variable"},"yoast_head":"<!-- This site is optimized with the Yoast SEO plugin v27.2 - https:\/\/yoast.com\/product\/yoast-seo-wordpress\/ -->\n<title>N\u1ebfn th\u01a1m \u0111en Baies - Royal Scent<\/title>\n<meta name=\"robots\" content=\"noindex, follow, max-snippet:-1, max-image-preview:large, max-video-preview:-1\" \/>\n<meta property=\"og:locale\" content=\"vi_VN\" \/>\n<meta property=\"og:type\" content=\"article\" \/>\n<meta property=\"og:title\" content=\"N\u1ebfn th\u01a1m \u0111en Baies - Royal Scent\" \/>\n<meta property=\"og:description\" content=\"M\u00f4 t\u1ea3 s\u1ea3n ph\u1ea9m B\u1ed9 h\u01b0\u01a1ng Tr\u00e1i c\u00e2y L\u1ea5y c\u1ea3m h\u1ee9ng t\u1eeb nh\u1eefng tr\u00e1i berry m\u1edbi h\u00e1i. H\u01b0\u01a1ng th\u01a1m m\u00e1t l\u1ea1nh v\u00e0 chua ng\u1ecdt c\u1ee7a qu\u1ea3 l\u00fd chua \u0111en h\u00f2a quy\u1ec7n v\u1edbi nh\u1eefng \u0111i\u1ec3m nh\u1ea5n t\u01b0\u01a1i t\u1eafn v\u00e0 hoa c\u1ecf c\u1ee7a hoa h\u1ed3ng trong ng\u1ecdn n\u1ebfn n\u00e0y. Bi\u1ec3u t\u01b0\u1ee3ng h\u00ecnh b\u1ea7u d\u1ee5c \u0111\u1eb7c tr\u01b0ng c\u1ee7a [...]\" \/>\n<meta property=\"og:url\" content=\"https:\/\/keo.azdigi.shop\/index.php\/product\/nen-thom-den-baies-600g\/\" \/>\n<meta property=\"og:site_name\" content=\"Royal Scent\" \/>\n<meta property=\"article:modified_time\" content=\"2026-04-11T05:03:13+00:00\" \/>\n<meta property=\"og:image\" content=\"https:\/\/keo.azdigi.shop\/wp-content\/uploads\/2026\/04\/B600_600g_1.webp\" \/>\n\t<meta property=\"og:image:width\" content=\"900\" \/>\n\t<meta property=\"og:image:height\" content=\"1200\" \/>\n\t<meta property=\"og:image:type\" content=\"image\/webp\" \/>\n<meta name=\"twitter:card\" content=\"summary_large_image\" \/>\n<meta name=\"twitter:label1\" content=\"\u01af\u1edbc t\u00ednh th\u1eddi gian \u0111\u1ecdc\" \/>\n\t<meta name=\"twitter:data1\" content=\"1 ph\u00fat\" \/>\n<script type=\"application\/ld+json\" class=\"yoast-schema-graph\">{\"@context\":\"https:\/\/schema.org\",\"@graph\":[{\"@type\":\"WebPage\",\"@id\":\"https:\/\/keo.azdigi.shop\/index.php\/product\/nen-thom-den-baies-600g\/\",\"url\":\"https:\/\/keo.azdigi.shop\/index.php\/product\/nen-thom-den-baies-600g\/\",\"name\":\"N\u1ebfn th\u01a1m \u0111en Baies - Royal Scent\",\"isPartOf\":{\"@id\":\"https:\/\/keo.azdigi.shop\/#website\"},\"primaryImageOfPage\":{\"@id\":\"https:\/\/keo.azdigi.shop\/index.php\/product\/nen-thom-den-baies-600g\/#primaryimage\"},\"image\":{\"@id\":\"https:\/\/keo.azdigi.shop\/index.php\/product\/nen-thom-den-baies-600g\/#primaryimage\"},\"thumbnailUrl\":\"https:\/\/keo.azdigi.shop\/wp-content\/uploads\/2026\/04\/B600_600g_1.webp\",\"datePublished\":\"2026-04-11T04:55:46+00:00\",\"dateModified\":\"2026-04-11T05:03:13+00:00\",\"breadcrumb\":{\"@id\":\"https:\/\/keo.azdigi.shop\/index.php\/product\/nen-thom-den-baies-600g\/#breadcrumb\"},\"inLanguage\":\"vi\",\"potentialAction\":[{\"@type\":\"ReadAction\",\"target\":[\"https:\/\/keo.azdigi.shop\/index.php\/product\/nen-thom-den-baies-600g\/\"]}]},{\"@type\":\"ImageObject\",\"inLanguage\":\"vi\",\"@id\":\"https:\/\/keo.azdigi.shop\/index.php\/product\/nen-thom-den-baies-600g\/#primaryimage\",\"url\":\"https:\/\/keo.azdigi.shop\/wp-content\/uploads\/2026\/04\/B600_600g_1.webp\",\"contentUrl\":\"https:\/\/keo.azdigi.shop\/wp-content\/uploads\/2026\/04\/B600_600g_1.webp\",\"width\":900,\"height\":1200},{\"@type\":\"BreadcrumbList\",\"@id\":\"https:\/\/keo.azdigi.shop\/index.php\/product\/nen-thom-den-baies-600g\/#breadcrumb\",\"itemListElement\":[{\"@type\":\"ListItem\",\"position\":1,\"name\":\"Home\",\"item\":\"https:\/\/keo.azdigi.shop\/\"},{\"@type\":\"ListItem\",\"position\":2,\"name\":\"Shop\",\"item\":\"https:\/\/keo.azdigi.shop\/index.php\/shop\/\"},{\"@type\":\"ListItem\",\"position\":3,\"name\":\"N\u1ebfn th\u01a1m \u0111en Baies\"}]},{\"@type\":\"WebSite\",\"@id\":\"https:\/\/keo.azdigi.shop\/#website\",\"url\":\"https:\/\/keo.azdigi.shop\/\",\"name\":\"Royal Scent\",\"description\":\"\",\"potentialAction\":[{\"@type\":\"SearchAction\",\"target\":{\"@type\":\"EntryPoint\",\"urlTemplate\":\"https:\/\/keo.azdigi.shop\/?s={search_term_string}\"},\"query-input\":{\"@type\":\"PropertyValueSpecification\",\"valueRequired\":true,\"valueName\":\"search_term_string\"}}],\"inLanguage\":\"vi\"}]}<\/script>\n<!-- \/ Yoast SEO plugin. -->","yoast_head_json":{"title":"N\u1ebfn th\u01a1m \u0111en Baies - Royal Scent","robots":{"index":"noindex","follow":"follow","max-snippet":"max-snippet:-1","max-image-preview":"max-image-preview:large","max-video-preview":"max-video-preview:-1"},"og_locale":"vi_VN","og_type":"article","og_title":"N\u1ebfn th\u01a1m \u0111en Baies - Royal Scent","og_description":"M\u00f4 t\u1ea3 s\u1ea3n ph\u1ea9m B\u1ed9 h\u01b0\u01a1ng Tr\u00e1i c\u00e2y L\u1ea5y c\u1ea3m h\u1ee9ng t\u1eeb nh\u1eefng tr\u00e1i berry m\u1edbi h\u00e1i. H\u01b0\u01a1ng th\u01a1m m\u00e1t l\u1ea1nh v\u00e0 chua ng\u1ecdt c\u1ee7a qu\u1ea3 l\u00fd chua \u0111en h\u00f2a quy\u1ec7n v\u1edbi nh\u1eefng \u0111i\u1ec3m nh\u1ea5n t\u01b0\u01a1i t\u1eafn v\u00e0 hoa c\u1ecf c\u1ee7a hoa h\u1ed3ng trong ng\u1ecdn n\u1ebfn n\u00e0y. Bi\u1ec3u t\u01b0\u1ee3ng h\u00ecnh b\u1ea7u d\u1ee5c \u0111\u1eb7c tr\u01b0ng c\u1ee7a [...]","og_url":"https:\/\/keo.azdigi.shop\/index.php\/product\/nen-thom-den-baies-600g\/","og_site_name":"Royal Scent","article_modified_time":"2026-04-11T05:03:13+00:00","og_image":[{"width":900,"height":1200,"url":"https:\/\/keo.azdigi.shop\/wp-content\/uploads\/2026\/04\/B600_600g_1.webp","type":"image\/webp"}],"twitter_card":"summary_large_image","twitter_misc":{"\u01af\u1edbc t\u00ednh th\u1eddi gian \u0111\u1ecdc":"1 ph\u00fat"},"schema":{"@context":"https:\/\/schema.org","@graph":[{"@type":"WebPage","@id":"https:\/\/keo.azdigi.shop\/index.php\/product\/nen-thom-den-baies-600g\/","url":"https:\/\/keo.azdigi.shop\/index.php\/product\/nen-thom-den-baies-600g\/","name":"N\u1ebfn th\u01a1m \u0111en Baies - Royal Scent","isPartOf":{"@id":"https:\/\/keo.azdigi.shop\/#website"},"primaryImageOfPage":{"@id":"https:\/\/keo.azdigi.shop\/index.php\/product\/nen-thom-den-baies-600g\/#primaryimage"},"image":{"@id":"https:\/\/keo.azdigi.shop\/index.php\/product\/nen-thom-den-baies-600g\/#primaryimage"},"thumbnailUrl":"https:\/\/keo.azdigi.shop\/wp-content\/uploads\/2026\/04\/B600_600g_1.webp","datePublished":"2026-04-11T04:55:46+00:00","dateModified":"2026-04-11T05:03:13+00:00","breadcrumb":{"@id":"https:\/\/keo.azdigi.shop\/index.php\/product\/nen-thom-den-baies-600g\/#breadcrumb"},"inLanguage":"vi","potentialAction":[{"@type":"ReadAction","target":["https:\/\/keo.azdigi.shop\/index.php\/product\/nen-thom-den-baies-600g\/"]}]},{"@type":"ImageObject","inLanguage":"vi","@id":"https:\/\/keo.azdigi.shop\/index.php\/product\/nen-thom-den-baies-600g\/#primaryimage","url":"https:\/\/keo.azdigi.shop\/wp-content\/uploads\/2026\/04\/B600_600g_1.webp","contentUrl":"https:\/\/keo.azdigi.shop\/wp-content\/uploads\/2026\/04\/B600_600g_1.webp","width":900,"height":1200},{"@type":"BreadcrumbList","@id":"https:\/\/keo.azdigi.shop\/index.php\/product\/nen-thom-den-baies-600g\/#breadcrumb","itemListElement":[{"@type":"ListItem","position":1,"name":"Home","item":"https:\/\/keo.azdigi.shop\/"},{"@type":"ListItem","position":2,"name":"Shop","item":"https:\/\/keo.azdigi.shop\/index.php\/shop\/"},{"@type":"ListItem","position":3,"name":"N\u1ebfn th\u01a1m \u0111en Baies"}]},{"@type":"WebSite","@id":"https:\/\/keo.azdigi.shop\/#website","url":"https:\/\/keo.azdigi.shop\/","name":"Royal Scent","description":"","potentialAction":[{"@type":"SearchAction","target":{"@type":"EntryPoint","urlTemplate":"https:\/\/keo.azdigi.shop\/?s={search_term_string}"},"query-input":{"@type":"PropertyValueSpecification","valueRequired":true,"valueName":"search_term_string"}}],"inLanguage":"vi"}]}},"_links":{"self":[{"href":"https:\/\/keo.azdigi.shop\/index.php\/wp-json\/wp\/v2\/product\/561","targetHints":{"allow":["GET"]}}],"collection":[{"href":"https:\/\/keo.azdigi.shop\/index.php\/wp-json\/wp\/v2\/product"}],"about":[{"href":"https:\/\/keo.azdigi.shop\/index.php\/wp-json\/wp\/v2\/types\/product"}],"replies":[{"embeddable":true,"href":"https:\/\/keo.azdigi.shop\/index.php\/wp-json\/wp\/v2\/comments?post=561"}],"wp:featuredmedia":[{"embeddable":true,"href":"https:\/\/keo.azdigi.shop\/index.php\/wp-json\/wp\/v2\/media\/562"}],"wp:attachment":[{"href":"https:\/\/keo.azdigi.shop\/index.php\/wp-json\/wp\/v2\/media?parent=561"}],"wp:term":[{"taxonomy":"product_brand","embeddable":true,"href":"https:\/\/keo.azdigi.shop\/index.php\/wp-json\/wp\/v2\/product_brand?post=561"},{"taxonomy":"product_cat","embeddable":true,"href":"https:\/\/keo.azdigi.shop\/index.php\/wp-json\/wp\/v2\/product_cat?post=561"},{"taxonomy":"product_tag","embeddable":true,"href":"https:\/\/keo.azdigi.shop\/index.php\/wp-json\/wp\/v2\/product_tag?post=561"}],"curies":[{"name":"wp","href":"https:\/\/api.w.org\/{rel}","templated":true}]}}