{"id":567,"date":"2026-04-11T12:08:46","date_gmt":"2026-04-11T05:08:46","guid":{"rendered":"https:\/\/keo.azdigi.shop\/?post_type=product&#038;p=567"},"modified":"2026-04-11T12:08:47","modified_gmt":"2026-04-11T05:08:47","slug":"nen-thom-hong-roses","status":"publish","type":"product","link":"https:\/\/keo.azdigi.shop\/index.php\/product\/nen-thom-hong-roses\/","title":{"rendered":"N\u1ebfn th\u01a1m h\u1ed3ng Roses"},"content":{"rendered":"<h1 class=\"product-section-title\" data-role=\"title\"><em><strong>M\u00f4 t\u1ea3 s\u1ea3n ph\u1ea9m<\/strong><\/em><\/h1>\n<h3 class=\"product-section-content\" data-role=\"content\"><em><strong>M\u1ed9t b\u00f3 hoa h\u1ed3ng tuy\u1ec7t \u0111\u1eb9p trong h\u0169 \u0111\u00e1 tr\u00e1ng men c\u1ee1 l\u1edbn.<\/strong><\/em><\/p>\n<p><em><strong>Trong v\u01b0\u1eddn, nh\u1eefng vi\u00ean ng\u1ecdc s\u01b0\u01a1ng \u0111\u1ecdng l\u1ea1i tr\u00ean nh\u1eefng c\u00e1nh hoa h\u1ed3ng m\u1ecfng manh. H\u01b0\u01a1ng hoa t\u01b0\u01a1i m\u00e1t tr\u00e0n ng\u1eadp kh\u00f4ng kh\u00ed m\u00f9a xu\u00e2n. N\u1ebfn Roses \u0111\u1ef1ng trong l\u1ecd g\u1ed1m, gi\u1ed1ng nh\u01b0 m\u1ed9t chi\u1ebfc b\u00ecnh th\u1ee7 c\u00f4ng tr\u00e0n ng\u1eadp m\u1ed9t b\u00f3 hoa. M\u1ed9t m\u00f9i h\u01b0\u01a1ng mang t\u00ednh bi\u1ec3u t\u01b0\u1ee3ng, hi\u1ec7n c\u00f3 s\u1eb5n \u1edf c\u1ee1 c\u1ef1c \u0111\u1ea1i.<\/strong><\/em><br \/>\n<em><strong>H\u0169 n\u1ebfn th\u01a1m &#8220;trong nh\u00e0 v\u00e0 ngo\u00e0i tr\u1eddi&#8221; c\u1ee7a ch\u00fang t\u00f4i \u0111\u01b0\u1ee3c thi\u1ebft k\u1ebf v\u1edbi s\u1ef1 h\u1ee3p t\u00e1c c\u1ee7a nh\u00e0 s\u1ea3n xu\u1ea5t s\u1ee9 n\u1ed5i ti\u1ebfng Jars. M\u1ed9c m\u1ea1c v\u00e0 th\u1ee7 c\u00f4ng, \u0111\u1ea5t nung \u0111\u01b0\u1ee3c s\u1eed d\u1ee5ng th\u1ed5i h\u1ed3n v\u00e0 t\u1ea1o h\u00ecnh v\u00e0o h\u00ecnh b\u1ea7u d\u1ee5c mang t\u00ednh bi\u1ec3u t\u01b0\u1ee3ng c\u1ee7a th\u01b0\u01a1ng hi\u1ec7u. \u0110\u01b0\u1ee3c l\u00e0m ho\u00e0n to\u00e0n th\u1ee7 c\u00f4ng, m\u1ed7i ng\u1ecdn n\u1ebfn \u0111\u01b0\u1ee3c \u0111\u1ef1ng trong h\u1ed9p m\u0169 \u0111\u1eb7c tr\u01b0ng, \u200b\u200bho\u00e0n h\u1ea3o \u0111\u1ec3 l\u00e0m qu\u00e0 t\u1eb7ng.<\/strong><\/em><\/h3>\n","protected":false},"excerpt":{"rendered":"<p>M\u00f4 t\u1ea3 s\u1ea3n ph\u1ea9m M\u1ed9t b\u00f3 hoa h\u1ed3ng tuy\u1ec7t \u0111\u1eb9p trong h\u0169 \u0111\u00e1 tr\u00e1ng men c\u1ee1 l\u1edbn. Trong v\u01b0\u1eddn, nh\u1eefng vi\u00ean ng\u1ecdc s\u01b0\u01a1ng \u0111\u1ecdng l\u1ea1i tr\u00ean nh\u1eefng c\u00e1nh hoa h\u1ed3ng m\u1ecfng manh. H\u01b0\u01a1ng hoa t\u01b0\u01a1i m\u00e1t tr\u00e0n ng\u1eadp kh\u00f4ng kh\u00ed m\u00f9a xu\u00e2n. N\u1ebfn Roses \u0111\u1ef1ng trong l\u1ecd g\u1ed1m, gi\u1ed1ng nh\u01b0 m\u1ed9t chi\u1ebfc b\u00ecnh th\u1ee7 c\u00f4ng [&#8230;]\n","protected":false},"featured_media":568,"comment_status":"open","ping_status":"closed","template":"","meta":{"_eb_attr":""},"product_brand":[],"product_cat":[24],"product_tag":[],"class_list":{"0":"post-567","1":"product","2":"type-product","3":"status-publish","4":"has-post-thumbnail","6":"product_cat-diptyque","8":"first","9":"instock","10":"taxable","11":"shipping-taxable","12":"purchasable","13":"product-type-variable"},"yoast_head":"<!-- This site is optimized with the Yoast SEO plugin v27.2 - https:\/\/yoast.com\/product\/yoast-seo-wordpress\/ -->\n<title>N\u1ebfn th\u01a1m h\u1ed3ng Roses - Royal Scent<\/title>\n<meta name=\"robots\" content=\"noindex, follow, max-snippet:-1, max-image-preview:large, max-video-preview:-1\" \/>\n<meta property=\"og:locale\" content=\"vi_VN\" \/>\n<meta property=\"og:type\" content=\"article\" \/>\n<meta property=\"og:title\" content=\"N\u1ebfn th\u01a1m h\u1ed3ng Roses - Royal Scent\" \/>\n<meta property=\"og:description\" content=\"M\u00f4 t\u1ea3 s\u1ea3n ph\u1ea9m M\u1ed9t b\u00f3 hoa h\u1ed3ng tuy\u1ec7t \u0111\u1eb9p trong h\u0169 \u0111\u00e1 tr\u00e1ng men c\u1ee1 l\u1edbn. Trong v\u01b0\u1eddn, nh\u1eefng vi\u00ean ng\u1ecdc s\u01b0\u01a1ng \u0111\u1ecdng l\u1ea1i tr\u00ean nh\u1eefng c\u00e1nh hoa h\u1ed3ng m\u1ecfng manh. H\u01b0\u01a1ng hoa t\u01b0\u01a1i m\u00e1t tr\u00e0n ng\u1eadp kh\u00f4ng kh\u00ed m\u00f9a xu\u00e2n. N\u1ebfn Roses \u0111\u1ef1ng trong l\u1ecd g\u1ed1m, gi\u1ed1ng nh\u01b0 m\u1ed9t chi\u1ebfc b\u00ecnh th\u1ee7 c\u00f4ng [...]\" \/>\n<meta property=\"og:url\" content=\"https:\/\/keo.azdigi.shop\/index.php\/product\/nen-thom-hong-roses\/\" \/>\n<meta property=\"og:site_name\" content=\"Royal Scent\" \/>\n<meta property=\"article:modified_time\" content=\"2026-04-11T05:08:47+00:00\" \/>\n<meta property=\"og:image\" content=\"https:\/\/keo.azdigi.shop\/wp-content\/uploads\/2026\/04\/RO1500_1500g_1_1.webp\" \/>\n\t<meta property=\"og:image:width\" content=\"914\" \/>\n\t<meta property=\"og:image:height\" content=\"1200\" \/>\n\t<meta property=\"og:image:type\" content=\"image\/webp\" \/>\n<meta name=\"twitter:card\" content=\"summary_large_image\" \/>\n<meta name=\"twitter:label1\" content=\"\u01af\u1edbc t\u00ednh th\u1eddi gian \u0111\u1ecdc\" \/>\n\t<meta name=\"twitter:data1\" content=\"2 ph\u00fat\" \/>\n<script type=\"application\/ld+json\" class=\"yoast-schema-graph\">{\"@context\":\"https:\/\/schema.org\",\"@graph\":[{\"@type\":\"WebPage\",\"@id\":\"https:\/\/keo.azdigi.shop\/index.php\/product\/nen-thom-hong-roses\/\",\"url\":\"https:\/\/keo.azdigi.shop\/index.php\/product\/nen-thom-hong-roses\/\",\"name\":\"N\u1ebfn th\u01a1m h\u1ed3ng Roses - Royal Scent\",\"isPartOf\":{\"@id\":\"https:\/\/keo.azdigi.shop\/#website\"},\"primaryImageOfPage\":{\"@id\":\"https:\/\/keo.azdigi.shop\/index.php\/product\/nen-thom-hong-roses\/#primaryimage\"},\"image\":{\"@id\":\"https:\/\/keo.azdigi.shop\/index.php\/product\/nen-thom-hong-roses\/#primaryimage\"},\"thumbnailUrl\":\"https:\/\/keo.azdigi.shop\/wp-content\/uploads\/2026\/04\/RO1500_1500g_1_1.webp\",\"datePublished\":\"2026-04-11T05:08:46+00:00\",\"dateModified\":\"2026-04-11T05:08:47+00:00\",\"breadcrumb\":{\"@id\":\"https:\/\/keo.azdigi.shop\/index.php\/product\/nen-thom-hong-roses\/#breadcrumb\"},\"inLanguage\":\"vi\",\"potentialAction\":[{\"@type\":\"ReadAction\",\"target\":[\"https:\/\/keo.azdigi.shop\/index.php\/product\/nen-thom-hong-roses\/\"]}]},{\"@type\":\"ImageObject\",\"inLanguage\":\"vi\",\"@id\":\"https:\/\/keo.azdigi.shop\/index.php\/product\/nen-thom-hong-roses\/#primaryimage\",\"url\":\"https:\/\/keo.azdigi.shop\/wp-content\/uploads\/2026\/04\/RO1500_1500g_1_1.webp\",\"contentUrl\":\"https:\/\/keo.azdigi.shop\/wp-content\/uploads\/2026\/04\/RO1500_1500g_1_1.webp\",\"width\":914,\"height\":1200},{\"@type\":\"BreadcrumbList\",\"@id\":\"https:\/\/keo.azdigi.shop\/index.php\/product\/nen-thom-hong-roses\/#breadcrumb\",\"itemListElement\":[{\"@type\":\"ListItem\",\"position\":1,\"name\":\"Home\",\"item\":\"https:\/\/keo.azdigi.shop\/\"},{\"@type\":\"ListItem\",\"position\":2,\"name\":\"Shop\",\"item\":\"https:\/\/keo.azdigi.shop\/index.php\/shop\/\"},{\"@type\":\"ListItem\",\"position\":3,\"name\":\"N\u1ebfn th\u01a1m h\u1ed3ng Roses\"}]},{\"@type\":\"WebSite\",\"@id\":\"https:\/\/keo.azdigi.shop\/#website\",\"url\":\"https:\/\/keo.azdigi.shop\/\",\"name\":\"Royal Scent\",\"description\":\"\",\"potentialAction\":[{\"@type\":\"SearchAction\",\"target\":{\"@type\":\"EntryPoint\",\"urlTemplate\":\"https:\/\/keo.azdigi.shop\/?s={search_term_string}\"},\"query-input\":{\"@type\":\"PropertyValueSpecification\",\"valueRequired\":true,\"valueName\":\"search_term_string\"}}],\"inLanguage\":\"vi\"}]}<\/script>\n<!-- \/ Yoast SEO plugin. -->","yoast_head_json":{"title":"N\u1ebfn th\u01a1m h\u1ed3ng Roses - Royal Scent","robots":{"index":"noindex","follow":"follow","max-snippet":"max-snippet:-1","max-image-preview":"max-image-preview:large","max-video-preview":"max-video-preview:-1"},"og_locale":"vi_VN","og_type":"article","og_title":"N\u1ebfn th\u01a1m h\u1ed3ng Roses - Royal Scent","og_description":"M\u00f4 t\u1ea3 s\u1ea3n ph\u1ea9m M\u1ed9t b\u00f3 hoa h\u1ed3ng tuy\u1ec7t \u0111\u1eb9p trong h\u0169 \u0111\u00e1 tr\u00e1ng men c\u1ee1 l\u1edbn. Trong v\u01b0\u1eddn, nh\u1eefng vi\u00ean ng\u1ecdc s\u01b0\u01a1ng \u0111\u1ecdng l\u1ea1i tr\u00ean nh\u1eefng c\u00e1nh hoa h\u1ed3ng m\u1ecfng manh. H\u01b0\u01a1ng hoa t\u01b0\u01a1i m\u00e1t tr\u00e0n ng\u1eadp kh\u00f4ng kh\u00ed m\u00f9a xu\u00e2n. N\u1ebfn Roses \u0111\u1ef1ng trong l\u1ecd g\u1ed1m, gi\u1ed1ng nh\u01b0 m\u1ed9t chi\u1ebfc b\u00ecnh th\u1ee7 c\u00f4ng [...]","og_url":"https:\/\/keo.azdigi.shop\/index.php\/product\/nen-thom-hong-roses\/","og_site_name":"Royal Scent","article_modified_time":"2026-04-11T05:08:47+00:00","og_image":[{"width":914,"height":1200,"url":"https:\/\/keo.azdigi.shop\/wp-content\/uploads\/2026\/04\/RO1500_1500g_1_1.webp","type":"image\/webp"}],"twitter_card":"summary_large_image","twitter_misc":{"\u01af\u1edbc t\u00ednh th\u1eddi gian \u0111\u1ecdc":"2 ph\u00fat"},"schema":{"@context":"https:\/\/schema.org","@graph":[{"@type":"WebPage","@id":"https:\/\/keo.azdigi.shop\/index.php\/product\/nen-thom-hong-roses\/","url":"https:\/\/keo.azdigi.shop\/index.php\/product\/nen-thom-hong-roses\/","name":"N\u1ebfn th\u01a1m h\u1ed3ng Roses - Royal Scent","isPartOf":{"@id":"https:\/\/keo.azdigi.shop\/#website"},"primaryImageOfPage":{"@id":"https:\/\/keo.azdigi.shop\/index.php\/product\/nen-thom-hong-roses\/#primaryimage"},"image":{"@id":"https:\/\/keo.azdigi.shop\/index.php\/product\/nen-thom-hong-roses\/#primaryimage"},"thumbnailUrl":"https:\/\/keo.azdigi.shop\/wp-content\/uploads\/2026\/04\/RO1500_1500g_1_1.webp","datePublished":"2026-04-11T05:08:46+00:00","dateModified":"2026-04-11T05:08:47+00:00","breadcrumb":{"@id":"https:\/\/keo.azdigi.shop\/index.php\/product\/nen-thom-hong-roses\/#breadcrumb"},"inLanguage":"vi","potentialAction":[{"@type":"ReadAction","target":["https:\/\/keo.azdigi.shop\/index.php\/product\/nen-thom-hong-roses\/"]}]},{"@type":"ImageObject","inLanguage":"vi","@id":"https:\/\/keo.azdigi.shop\/index.php\/product\/nen-thom-hong-roses\/#primaryimage","url":"https:\/\/keo.azdigi.shop\/wp-content\/uploads\/2026\/04\/RO1500_1500g_1_1.webp","contentUrl":"https:\/\/keo.azdigi.shop\/wp-content\/uploads\/2026\/04\/RO1500_1500g_1_1.webp","width":914,"height":1200},{"@type":"BreadcrumbList","@id":"https:\/\/keo.azdigi.shop\/index.php\/product\/nen-thom-hong-roses\/#breadcrumb","itemListElement":[{"@type":"ListItem","position":1,"name":"Home","item":"https:\/\/keo.azdigi.shop\/"},{"@type":"ListItem","position":2,"name":"Shop","item":"https:\/\/keo.azdigi.shop\/index.php\/shop\/"},{"@type":"ListItem","position":3,"name":"N\u1ebfn th\u01a1m h\u1ed3ng Roses"}]},{"@type":"WebSite","@id":"https:\/\/keo.azdigi.shop\/#website","url":"https:\/\/keo.azdigi.shop\/","name":"Royal Scent","description":"","potentialAction":[{"@type":"SearchAction","target":{"@type":"EntryPoint","urlTemplate":"https:\/\/keo.azdigi.shop\/?s={search_term_string}"},"query-input":{"@type":"PropertyValueSpecification","valueRequired":true,"valueName":"search_term_string"}}],"inLanguage":"vi"}]}},"_links":{"self":[{"href":"https:\/\/keo.azdigi.shop\/index.php\/wp-json\/wp\/v2\/product\/567","targetHints":{"allow":["GET"]}}],"collection":[{"href":"https:\/\/keo.azdigi.shop\/index.php\/wp-json\/wp\/v2\/product"}],"about":[{"href":"https:\/\/keo.azdigi.shop\/index.php\/wp-json\/wp\/v2\/types\/product"}],"replies":[{"embeddable":true,"href":"https:\/\/keo.azdigi.shop\/index.php\/wp-json\/wp\/v2\/comments?post=567"}],"wp:featuredmedia":[{"embeddable":true,"href":"https:\/\/keo.azdigi.shop\/index.php\/wp-json\/wp\/v2\/media\/568"}],"wp:attachment":[{"href":"https:\/\/keo.azdigi.shop\/index.php\/wp-json\/wp\/v2\/media?parent=567"}],"wp:term":[{"taxonomy":"product_brand","embeddable":true,"href":"https:\/\/keo.azdigi.shop\/index.php\/wp-json\/wp\/v2\/product_brand?post=567"},{"taxonomy":"product_cat","embeddable":true,"href":"https:\/\/keo.azdigi.shop\/index.php\/wp-json\/wp\/v2\/product_cat?post=567"},{"taxonomy":"product_tag","embeddable":true,"href":"https:\/\/keo.azdigi.shop\/index.php\/wp-json\/wp\/v2\/product_tag?post=567"}],"curies":[{"name":"wp","href":"https:\/\/api.w.org\/{rel}","templated":true}]}}