{"id":829,"date":"2026-04-13T16:50:34","date_gmt":"2026-04-13T09:50:34","guid":{"rendered":"https:\/\/keo.azdigi.shop\/?post_type=product&#038;p=829"},"modified":"2026-04-19T16:02:50","modified_gmt":"2026-04-19T09:02:50","slug":"son-moi-gucci-rouge-a-levres-voile-lipstick-208-they-met-in-argentina-mau-hong-dat-quyen-ru","status":"publish","type":"product","link":"https:\/\/keo.azdigi.shop\/index.php\/product\/son-moi-gucci-rouge-a-levres-voile-lipstick-208-they-met-in-argentina-mau-hong-dat-quyen-ru\/","title":{"rendered":"Son M\u00f4i Gucci Rouge \u00c0 L\u00e8vres Voile Lipstick 208 They Met In Argentina M\u00e0u H\u1ed3ng \u0110\u1ea5t Quy\u1ebfn R\u0169"},"content":{"rendered":"<h3 class=\"Y3BBE\" data-sfc-root=\"c\" data-hveid=\"CAIQAA\" data-processed=\"true\"><strong class=\"Yjhzub\" data-sfc-root=\"c\" data-sfc-cb=\"\" data-processed=\"true\">\u0110\u1eb7c \u0111i\u1ec3m n\u1ed5i b\u1eadt c\u1ee7a Gucci 208 They Met In Argentina:<\/strong><button class=\"rBl3me\" tabindex=\"0\" data-amic=\"true\" data-icl-uuid=\"d104d74d-9378-499a-a709-ea2375db845a\" aria-label=\"Xem c\u00e1c \u0111\u01b0\u1eddng li\u00ean k\u1ebft c\u00f3 li\u00ean quan\" data-wiz-attrbind=\"disabled=Go5pzb_s\/C5gNJc;aria-label=Go5pzb_s\/bOjMyf;class=Go5pzb_s\/UpSNec\" data-ved=\"2ahUKEwiH2_WtxvmTAxWYgVYBHU5BHp8Qye0OegQIAhAB\" data-hveid=\"CAIQAQ\" data-processed=\"true\"><\/button><\/h3>\n<ul class=\"KsbFXc U6u95\" data-sfc-root=\"c\" data-sfc-cb=\"\" data-processed=\"true\">\n<li class=\"dF3vjf\" data-sfc-root=\"c\" data-sfc-cb=\"\" data-hveid=\"CAMQAA\" data-processed=\"true\">\n<h3><span class=\"T286Pc\" data-sfc-cp=\"\" data-sfc-root=\"c\" data-sfc-cb=\"\" data-processed=\"true\"><strong class=\"Yjhzub\" data-sfc-root=\"c\" data-sfc-cb=\"\" data-processed=\"true\">M\u00e0u s\u1eafc:<\/strong>\u00a0T\u00f4ng h\u1ed3ng \u0111\u1ea5t quy\u1ebfn r\u0169, pha tr\u1ed9n gi\u1eefa h\u1ed3ng ng\u1ecdt ng\u00e0o v\u00e0 n\u00e2u \u0111\u1ea5t th\u1eddi th\u01b0\u1ee3ng, t\u1ea1o phong c\u00e1ch tr\u01b0\u1edfng th\u00e0nh, n\u1eef t\u00ednh.<\/span><\/h3>\n<\/li>\n<li class=\"dF3vjf\" data-sfc-root=\"c\" data-sfc-cb=\"\" data-hveid=\"CAMQAQ\" data-processed=\"true\">\n<h3><span class=\"T286Pc\" data-sfc-cp=\"\" data-sfc-root=\"c\" data-sfc-cb=\"\" data-processed=\"true\"><strong class=\"Yjhzub\" data-sfc-root=\"c\" data-sfc-cb=\"\" data-processed=\"true\">Ch\u1ea5t son:<\/strong>\u00a0D\u00f2ng Voile th\u01b0\u1eddng mang k\u1ebft c\u1ea5u satin m\u1ecfng nh\u1eb9, b\u00f3ng nh\u1eb9 t\u1ef1 nhi\u00ean v\u00e0 nhi\u1ec1u \u0111\u1ed9 \u1ea9m, gi\u00fap \u0111\u00f4i m\u00f4i c\u0103ng m\u1ecdng. M\u1ed9t s\u1ed1 phi\u00ean b\u1ea3n Matte mang l\u1ea1i \u0111\u1ed9 l\u00ec m\u1ecbn nh\u01b0 nhung.<\/span><\/h3>\n<\/li>\n<li class=\"dF3vjf\" data-sfc-root=\"c\" data-sfc-cb=\"\" data-hveid=\"CAMQAg\" data-processed=\"true\">\n<h3><span class=\"T286Pc\" data-sfc-cp=\"\" data-sfc-root=\"c\" data-sfc-cb=\"\" data-processed=\"true\"><strong class=\"Yjhzub\" data-sfc-root=\"c\" data-sfc-cb=\"\" data-processed=\"true\">Thi\u1ebft k\u1ebf:<\/strong>\u00a0\u1ea4n t\u01b0\u1ee3ng v\u1edbi v\u1ecf m\u00e0u ng\u00e0 hi\u1ec7u \u1ee9ng s\u1ee9 c\u00f3 h\u1ecda ti\u1ebft hoa v\u0103n c\u1ed5 \u0111i\u1ec3n (Voile) ho\u1eb7c v\u1ecf v\u00e0ng sang tr\u1ecdng (Matte), \u0111\u1ea7u son c\u1eaft v\u00e1t d\u1ec5 k\u1ebb vi\u1ec1n.<\/span><\/h3>\n<\/li>\n<li class=\"dF3vjf\" data-sfc-root=\"c\" data-sfc-cb=\"\" data-hveid=\"CAMQAw\" data-processed=\"true\">\n<h3><span class=\"T286Pc\" data-sfc-cp=\"\" data-sfc-root=\"c\" data-sfc-cb=\"\" data-processed=\"true\"><strong class=\"Yjhzub\" data-sfc-root=\"c\" data-sfc-cb=\"\" data-processed=\"true\">\u0110\u1ed9 b\u1ec1n m\u00e0u:<\/strong>\u00a0Kh\u1ea3 n\u0103ng b\u00e1m m\u00e0u t\u1ed1t, che khuy\u1ebft \u0111i\u1ec3m m\u00f4i ho\u00e0n h\u1ea3o.<\/span><\/h3>\n<\/li>\n<li class=\"dF3vjf\" data-sfc-root=\"c\" data-sfc-cb=\"\" data-hveid=\"CAMQBA\" data-processed=\"true\">\n<h3><span class=\"T286Pc\" data-sfc-cp=\"\" data-sfc-root=\"c\" data-sfc-cb=\"\" data-processed=\"true\"><strong class=\"Yjhzub\" data-sfc-root=\"c\" data-sfc-cb=\"\" data-processed=\"true\">Ph\u00f9 h\u1ee3p:<\/strong>\u00a0M\u00e0u son n\u00e0y \u0111\u01b0\u1ee3c coi l\u00e0 kh\u00e1 d\u1ec5 t\u00ednh, h\u1ee3p v\u1edbi m\u1ecdi m\u00e0u da, t\u1eeb da tr\u1eafng \u0111\u1ebfn da ng\u0103m.<\/span><\/h3>\n<\/li>\n<\/ul>\n","protected":false},"excerpt":{"rendered":"<h3><strong>Son m\u00f4i\u00a0Gucci Rouge \u00c0 L\u00e8vres Voile Lipstick 208 They Met In Argentina\u00a0(m\u00e0u h\u1ed3ng \u0111\u1ea5t)\u00a0l\u00e0 th\u1ecfi son cao c\u1ea5p mang t\u00f4ng m\u00e0u h\u1ed3ng \u0111\u1ea5t th\u1eddi th\u01b0\u1ee3ng, k\u1ebft h\u1ee3p gi\u1eefa s\u1ef1 n\u1eef t\u00ednh v\u00e0 quy\u1ebfn r\u0169. Thi\u1ebft k\u1ebf v\u1ecf hoa v\u0103n\/v\u00e0ng sang tr\u1ecdng, ch\u1ea5t son m\u1ecbn m\u00e0ng, che khuy\u1ebft \u0111i\u1ec3m t\u1ed1t, d\u1ec5 s\u1eed d\u1ee5ng, ph\u00f9 h\u1ee3p v\u1edbi nhi\u1ec1u t\u00f4ng da.<\/strong><\/h3>\n","protected":false},"featured_media":830,"comment_status":"open","ping_status":"closed","template":"","meta":{"_eb_attr":""},"product_brand":[],"product_cat":[22,30],"product_tag":[],"class_list":{"0":"post-829","1":"product","2":"type-product","3":"status-publish","4":"has-post-thumbnail","6":"product_cat-gucci","7":"product_cat-trang-diem","9":"first","10":"instock","11":"taxable","12":"shipping-taxable","13":"purchasable","14":"product-type-variable"},"yoast_head":"<!-- This site is optimized with the Yoast SEO plugin v27.2 - https:\/\/yoast.com\/product\/yoast-seo-wordpress\/ -->\n<title>Son M\u00f4i Gucci Rouge \u00c0 L\u00e8vres Voile Lipstick 208 They Met In Argentina M\u00e0u H\u1ed3ng \u0110\u1ea5t Quy\u1ebfn R\u0169 - Royal Scent<\/title>\n<meta name=\"robots\" content=\"noindex, follow, max-snippet:-1, max-image-preview:large, max-video-preview:-1\" \/>\n<meta property=\"og:locale\" content=\"vi_VN\" \/>\n<meta property=\"og:type\" content=\"article\" \/>\n<meta property=\"og:title\" content=\"Son M\u00f4i Gucci Rouge \u00c0 L\u00e8vres Voile Lipstick 208 They Met In Argentina M\u00e0u H\u1ed3ng \u0110\u1ea5t Quy\u1ebfn R\u0169 - Royal Scent\" \/>\n<meta property=\"og:description\" content=\"Son m\u00f4i\u00a0Gucci Rouge \u00c0 L\u00e8vres Voile Lipstick 208 They Met In Argentina\u00a0(m\u00e0u h\u1ed3ng \u0111\u1ea5t)\u00a0l\u00e0 th\u1ecfi son cao c\u1ea5p mang t\u00f4ng m\u00e0u h\u1ed3ng \u0111\u1ea5t th\u1eddi th\u01b0\u1ee3ng, k\u1ebft h\u1ee3p gi\u1eefa s\u1ef1 n\u1eef t\u00ednh v\u00e0 quy\u1ebfn r\u0169. Thi\u1ebft k\u1ebf v\u1ecf hoa v\u0103n\/v\u00e0ng sang tr\u1ecdng, ch\u1ea5t son m\u1ecbn m\u00e0ng, che khuy\u1ebft \u0111i\u1ec3m t\u1ed1t, d\u1ec5 s\u1eed d\u1ee5ng, ph\u00f9 h\u1ee3p v\u1edbi nhi\u1ec1u t\u00f4ng da.\" \/>\n<meta property=\"og:url\" content=\"https:\/\/keo.azdigi.shop\/index.php\/product\/son-moi-gucci-rouge-a-levres-voile-lipstick-208-they-met-in-argentina-mau-hong-dat-quyen-ru\/\" \/>\n<meta property=\"og:site_name\" content=\"Royal Scent\" \/>\n<meta property=\"article:modified_time\" content=\"2026-04-19T09:02:50+00:00\" \/>\n<meta property=\"og:image\" content=\"https:\/\/keo.azdigi.shop\/wp-content\/uploads\/2026\/04\/son-gucci-rouge-a-levres-voile-lipstick-208-they-met-in-argentina-mau-hong-dat-6486e6597c681-12062023163313.webp\" \/>\n\t<meta property=\"og:image:width\" content=\"900\" \/>\n\t<meta property=\"og:image:height\" content=\"900\" \/>\n\t<meta property=\"og:image:type\" content=\"image\/webp\" \/>\n<meta name=\"twitter:card\" content=\"summary_large_image\" \/>\n<meta name=\"twitter:label1\" content=\"\u01af\u1edbc t\u00ednh th\u1eddi gian \u0111\u1ecdc\" \/>\n\t<meta name=\"twitter:data1\" content=\"1 ph\u00fat\" \/>\n<script type=\"application\/ld+json\" class=\"yoast-schema-graph\">{\"@context\":\"https:\/\/schema.org\",\"@graph\":[{\"@type\":\"WebPage\",\"@id\":\"https:\/\/keo.azdigi.shop\/index.php\/product\/son-moi-gucci-rouge-a-levres-voile-lipstick-208-they-met-in-argentina-mau-hong-dat-quyen-ru\/\",\"url\":\"https:\/\/keo.azdigi.shop\/index.php\/product\/son-moi-gucci-rouge-a-levres-voile-lipstick-208-they-met-in-argentina-mau-hong-dat-quyen-ru\/\",\"name\":\"Son M\u00f4i Gucci Rouge \u00c0 L\u00e8vres Voile Lipstick 208 They Met In Argentina M\u00e0u H\u1ed3ng \u0110\u1ea5t Quy\u1ebfn R\u0169 - Royal Scent\",\"isPartOf\":{\"@id\":\"https:\/\/keo.azdigi.shop\/#website\"},\"primaryImageOfPage\":{\"@id\":\"https:\/\/keo.azdigi.shop\/index.php\/product\/son-moi-gucci-rouge-a-levres-voile-lipstick-208-they-met-in-argentina-mau-hong-dat-quyen-ru\/#primaryimage\"},\"image\":{\"@id\":\"https:\/\/keo.azdigi.shop\/index.php\/product\/son-moi-gucci-rouge-a-levres-voile-lipstick-208-they-met-in-argentina-mau-hong-dat-quyen-ru\/#primaryimage\"},\"thumbnailUrl\":\"https:\/\/keo.azdigi.shop\/wp-content\/uploads\/2026\/04\/son-gucci-rouge-a-levres-voile-lipstick-208-they-met-in-argentina-mau-hong-dat-6486e6597c681-12062023163313.webp\",\"datePublished\":\"2026-04-13T09:50:34+00:00\",\"dateModified\":\"2026-04-19T09:02:50+00:00\",\"breadcrumb\":{\"@id\":\"https:\/\/keo.azdigi.shop\/index.php\/product\/son-moi-gucci-rouge-a-levres-voile-lipstick-208-they-met-in-argentina-mau-hong-dat-quyen-ru\/#breadcrumb\"},\"inLanguage\":\"vi\",\"potentialAction\":[{\"@type\":\"ReadAction\",\"target\":[\"https:\/\/keo.azdigi.shop\/index.php\/product\/son-moi-gucci-rouge-a-levres-voile-lipstick-208-they-met-in-argentina-mau-hong-dat-quyen-ru\/\"]}]},{\"@type\":\"ImageObject\",\"inLanguage\":\"vi\",\"@id\":\"https:\/\/keo.azdigi.shop\/index.php\/product\/son-moi-gucci-rouge-a-levres-voile-lipstick-208-they-met-in-argentina-mau-hong-dat-quyen-ru\/#primaryimage\",\"url\":\"https:\/\/keo.azdigi.shop\/wp-content\/uploads\/2026\/04\/son-gucci-rouge-a-levres-voile-lipstick-208-they-met-in-argentina-mau-hong-dat-6486e6597c681-12062023163313.webp\",\"contentUrl\":\"https:\/\/keo.azdigi.shop\/wp-content\/uploads\/2026\/04\/son-gucci-rouge-a-levres-voile-lipstick-208-they-met-in-argentina-mau-hong-dat-6486e6597c681-12062023163313.webp\",\"width\":900,\"height\":900},{\"@type\":\"BreadcrumbList\",\"@id\":\"https:\/\/keo.azdigi.shop\/index.php\/product\/son-moi-gucci-rouge-a-levres-voile-lipstick-208-they-met-in-argentina-mau-hong-dat-quyen-ru\/#breadcrumb\",\"itemListElement\":[{\"@type\":\"ListItem\",\"position\":1,\"name\":\"Home\",\"item\":\"https:\/\/keo.azdigi.shop\/\"},{\"@type\":\"ListItem\",\"position\":2,\"name\":\"Shop\",\"item\":\"https:\/\/keo.azdigi.shop\/index.php\/shop\/\"},{\"@type\":\"ListItem\",\"position\":3,\"name\":\"Son M\u00f4i Gucci Rouge \u00c0 L\u00e8vres Voile Lipstick 208 They Met In Argentina M\u00e0u H\u1ed3ng \u0110\u1ea5t Quy\u1ebfn R\u0169\"}]},{\"@type\":\"WebSite\",\"@id\":\"https:\/\/keo.azdigi.shop\/#website\",\"url\":\"https:\/\/keo.azdigi.shop\/\",\"name\":\"Royal Scent\",\"description\":\"\",\"potentialAction\":[{\"@type\":\"SearchAction\",\"target\":{\"@type\":\"EntryPoint\",\"urlTemplate\":\"https:\/\/keo.azdigi.shop\/?s={search_term_string}\"},\"query-input\":{\"@type\":\"PropertyValueSpecification\",\"valueRequired\":true,\"valueName\":\"search_term_string\"}}],\"inLanguage\":\"vi\"}]}<\/script>\n<!-- \/ Yoast SEO plugin. -->","yoast_head_json":{"title":"Son M\u00f4i Gucci Rouge \u00c0 L\u00e8vres Voile Lipstick 208 They Met In Argentina M\u00e0u H\u1ed3ng \u0110\u1ea5t Quy\u1ebfn R\u0169 - Royal Scent","robots":{"index":"noindex","follow":"follow","max-snippet":"max-snippet:-1","max-image-preview":"max-image-preview:large","max-video-preview":"max-video-preview:-1"},"og_locale":"vi_VN","og_type":"article","og_title":"Son M\u00f4i Gucci Rouge \u00c0 L\u00e8vres Voile Lipstick 208 They Met In Argentina M\u00e0u H\u1ed3ng \u0110\u1ea5t Quy\u1ebfn R\u0169 - Royal Scent","og_description":"Son m\u00f4i\u00a0Gucci Rouge \u00c0 L\u00e8vres Voile Lipstick 208 They Met In Argentina\u00a0(m\u00e0u h\u1ed3ng \u0111\u1ea5t)\u00a0l\u00e0 th\u1ecfi son cao c\u1ea5p mang t\u00f4ng m\u00e0u h\u1ed3ng \u0111\u1ea5t th\u1eddi th\u01b0\u1ee3ng, k\u1ebft h\u1ee3p gi\u1eefa s\u1ef1 n\u1eef t\u00ednh v\u00e0 quy\u1ebfn r\u0169. Thi\u1ebft k\u1ebf v\u1ecf hoa v\u0103n\/v\u00e0ng sang tr\u1ecdng, ch\u1ea5t son m\u1ecbn m\u00e0ng, che khuy\u1ebft \u0111i\u1ec3m t\u1ed1t, d\u1ec5 s\u1eed d\u1ee5ng, ph\u00f9 h\u1ee3p v\u1edbi nhi\u1ec1u t\u00f4ng da.","og_url":"https:\/\/keo.azdigi.shop\/index.php\/product\/son-moi-gucci-rouge-a-levres-voile-lipstick-208-they-met-in-argentina-mau-hong-dat-quyen-ru\/","og_site_name":"Royal Scent","article_modified_time":"2026-04-19T09:02:50+00:00","og_image":[{"width":900,"height":900,"url":"https:\/\/keo.azdigi.shop\/wp-content\/uploads\/2026\/04\/son-gucci-rouge-a-levres-voile-lipstick-208-they-met-in-argentina-mau-hong-dat-6486e6597c681-12062023163313.webp","type":"image\/webp"}],"twitter_card":"summary_large_image","twitter_misc":{"\u01af\u1edbc t\u00ednh th\u1eddi gian \u0111\u1ecdc":"1 ph\u00fat"},"schema":{"@context":"https:\/\/schema.org","@graph":[{"@type":"WebPage","@id":"https:\/\/keo.azdigi.shop\/index.php\/product\/son-moi-gucci-rouge-a-levres-voile-lipstick-208-they-met-in-argentina-mau-hong-dat-quyen-ru\/","url":"https:\/\/keo.azdigi.shop\/index.php\/product\/son-moi-gucci-rouge-a-levres-voile-lipstick-208-they-met-in-argentina-mau-hong-dat-quyen-ru\/","name":"Son M\u00f4i Gucci Rouge \u00c0 L\u00e8vres Voile Lipstick 208 They Met In Argentina M\u00e0u H\u1ed3ng \u0110\u1ea5t Quy\u1ebfn R\u0169 - Royal Scent","isPartOf":{"@id":"https:\/\/keo.azdigi.shop\/#website"},"primaryImageOfPage":{"@id":"https:\/\/keo.azdigi.shop\/index.php\/product\/son-moi-gucci-rouge-a-levres-voile-lipstick-208-they-met-in-argentina-mau-hong-dat-quyen-ru\/#primaryimage"},"image":{"@id":"https:\/\/keo.azdigi.shop\/index.php\/product\/son-moi-gucci-rouge-a-levres-voile-lipstick-208-they-met-in-argentina-mau-hong-dat-quyen-ru\/#primaryimage"},"thumbnailUrl":"https:\/\/keo.azdigi.shop\/wp-content\/uploads\/2026\/04\/son-gucci-rouge-a-levres-voile-lipstick-208-they-met-in-argentina-mau-hong-dat-6486e6597c681-12062023163313.webp","datePublished":"2026-04-13T09:50:34+00:00","dateModified":"2026-04-19T09:02:50+00:00","breadcrumb":{"@id":"https:\/\/keo.azdigi.shop\/index.php\/product\/son-moi-gucci-rouge-a-levres-voile-lipstick-208-they-met-in-argentina-mau-hong-dat-quyen-ru\/#breadcrumb"},"inLanguage":"vi","potentialAction":[{"@type":"ReadAction","target":["https:\/\/keo.azdigi.shop\/index.php\/product\/son-moi-gucci-rouge-a-levres-voile-lipstick-208-they-met-in-argentina-mau-hong-dat-quyen-ru\/"]}]},{"@type":"ImageObject","inLanguage":"vi","@id":"https:\/\/keo.azdigi.shop\/index.php\/product\/son-moi-gucci-rouge-a-levres-voile-lipstick-208-they-met-in-argentina-mau-hong-dat-quyen-ru\/#primaryimage","url":"https:\/\/keo.azdigi.shop\/wp-content\/uploads\/2026\/04\/son-gucci-rouge-a-levres-voile-lipstick-208-they-met-in-argentina-mau-hong-dat-6486e6597c681-12062023163313.webp","contentUrl":"https:\/\/keo.azdigi.shop\/wp-content\/uploads\/2026\/04\/son-gucci-rouge-a-levres-voile-lipstick-208-they-met-in-argentina-mau-hong-dat-6486e6597c681-12062023163313.webp","width":900,"height":900},{"@type":"BreadcrumbList","@id":"https:\/\/keo.azdigi.shop\/index.php\/product\/son-moi-gucci-rouge-a-levres-voile-lipstick-208-they-met-in-argentina-mau-hong-dat-quyen-ru\/#breadcrumb","itemListElement":[{"@type":"ListItem","position":1,"name":"Home","item":"https:\/\/keo.azdigi.shop\/"},{"@type":"ListItem","position":2,"name":"Shop","item":"https:\/\/keo.azdigi.shop\/index.php\/shop\/"},{"@type":"ListItem","position":3,"name":"Son M\u00f4i Gucci Rouge \u00c0 L\u00e8vres Voile Lipstick 208 They Met In Argentina M\u00e0u H\u1ed3ng \u0110\u1ea5t Quy\u1ebfn R\u0169"}]},{"@type":"WebSite","@id":"https:\/\/keo.azdigi.shop\/#website","url":"https:\/\/keo.azdigi.shop\/","name":"Royal Scent","description":"","potentialAction":[{"@type":"SearchAction","target":{"@type":"EntryPoint","urlTemplate":"https:\/\/keo.azdigi.shop\/?s={search_term_string}"},"query-input":{"@type":"PropertyValueSpecification","valueRequired":true,"valueName":"search_term_string"}}],"inLanguage":"vi"}]}},"_links":{"self":[{"href":"https:\/\/keo.azdigi.shop\/index.php\/wp-json\/wp\/v2\/product\/829","targetHints":{"allow":["GET"]}}],"collection":[{"href":"https:\/\/keo.azdigi.shop\/index.php\/wp-json\/wp\/v2\/product"}],"about":[{"href":"https:\/\/keo.azdigi.shop\/index.php\/wp-json\/wp\/v2\/types\/product"}],"replies":[{"embeddable":true,"href":"https:\/\/keo.azdigi.shop\/index.php\/wp-json\/wp\/v2\/comments?post=829"}],"wp:featuredmedia":[{"embeddable":true,"href":"https:\/\/keo.azdigi.shop\/index.php\/wp-json\/wp\/v2\/media\/830"}],"wp:attachment":[{"href":"https:\/\/keo.azdigi.shop\/index.php\/wp-json\/wp\/v2\/media?parent=829"}],"wp:term":[{"taxonomy":"product_brand","embeddable":true,"href":"https:\/\/keo.azdigi.shop\/index.php\/wp-json\/wp\/v2\/product_brand?post=829"},{"taxonomy":"product_cat","embeddable":true,"href":"https:\/\/keo.azdigi.shop\/index.php\/wp-json\/wp\/v2\/product_cat?post=829"},{"taxonomy":"product_tag","embeddable":true,"href":"https:\/\/keo.azdigi.shop\/index.php\/wp-json\/wp\/v2\/product_tag?post=829"}],"curies":[{"name":"wp","href":"https:\/\/api.w.org\/{rel}","templated":true}]}}