{"id":836,"date":"2026-04-13T16:54:06","date_gmt":"2026-04-13T09:54:06","guid":{"rendered":"https:\/\/keo.azdigi.shop\/?post_type=product&#038;p=836"},"modified":"2026-04-19T15:45:55","modified_gmt":"2026-04-19T08:45:55","slug":"nuoc-hoa-nu-gucci-bloom-profumo-di-fiori-eau-de-parfum-100ml","status":"publish","type":"product","link":"https:\/\/keo.azdigi.shop\/index.php\/product\/nuoc-hoa-nu-gucci-bloom-profumo-di-fiori-eau-de-parfum-100ml\/","title":{"rendered":"N\u01b0\u1edbc Hoa N\u1eef Gucci Bloom Profumo Di Fiori Eau De Parfum 100ml"},"content":{"rendered":"<h3 class=\"Y3BBE\" data-sfc-root=\"c\" data-hveid=\"CAIQAA\"><strong class=\"Yjhzub\" data-sfc-root=\"c\" data-sfc-cb=\"\">\u0110\u1eb7c \u0111i\u1ec3m chi ti\u1ebft:<\/strong><\/h3>\n<ul class=\"KsbFXc U6u95\" data-sfc-root=\"c\" data-sfc-cb=\"\">\n<li class=\"dF3vjf\" data-sfc-root=\"c\" data-sfc-cb=\"\" data-hveid=\"CAMQAA\">\n<h3><span class=\"T286Pc\" data-sfc-cp=\"\" data-sfc-root=\"c\" data-sfc-cb=\"\"><strong class=\"Yjhzub\" data-sfc-root=\"c\" data-sfc-cb=\"\">H\u01b0\u01a1ng th\u01a1m:<\/strong><\/span><\/h3>\n<ul class=\"KsbFXc U6u95\" data-sfc-root=\"c\" data-sfc-cb=\"\">\n<li class=\"dF3vjf\" data-sfc-root=\"c\" data-sfc-cb=\"\" data-hveid=\"CAMQAQ\">\n<h3><span class=\"T286Pc\" data-sfc-cp=\"\" data-sfc-root=\"c\" data-sfc-cb=\"\"><strong class=\"Yjhzub\" data-sfc-root=\"c\" data-sfc-cb=\"\">H\u01b0\u01a1ng \u0111\u1ea7u:<\/strong>\u00a0Hoa nh\u00e0i Sambac, Rangoon Creeper (d\u00e2y leo rangoon).<\/span><\/h3>\n<\/li>\n<li class=\"dF3vjf\" data-sfc-root=\"c\" data-sfc-cb=\"\" data-hveid=\"CAMQAg\">\n<h3><span class=\"T286Pc\" data-sfc-cp=\"\" data-sfc-root=\"c\" data-sfc-cb=\"\"><strong class=\"Yjhzub\" data-sfc-root=\"c\" data-sfc-cb=\"\">H\u01b0\u01a1ng gi\u1eefa:<\/strong>\u00a0Ylang-ylang (ng\u1ecdc lan t\u00e2y), hoa hu\u1ec7 t\u1ef1 nhi\u00ean, n\u1ee5 hoa nh\u00e0i.<\/span><\/h3>\n<\/li>\n<li class=\"dF3vjf\" data-sfc-root=\"c\" data-sfc-cb=\"\" data-hveid=\"CAMQAw\">\n<h3><span class=\"T286Pc\" data-sfc-cp=\"\" data-sfc-root=\"c\" data-sfc-cb=\"\"><strong class=\"Yjhzub\" data-sfc-root=\"c\" data-sfc-cb=\"\">H\u01b0\u01a1ng cu\u1ed1i:<\/strong>\u00a0G\u1ed7 \u0111\u00e0n h\u01b0\u01a1ng, x\u1ea1 h\u01b0\u01a1ng, r\u1ec5 di\u00ean v\u0129, benzoin (nh\u1ef1a h\u01b0\u01a1ng), h\u01b0\u01a1ng n\u1eafng.<\/span><\/h3>\n<\/li>\n<\/ul>\n<\/li>\n<li class=\"dF3vjf\" data-sfc-root=\"c\" data-sfc-cb=\"\" data-hveid=\"CAMQBA\">\n<h3><span class=\"T286Pc\" data-sfc-cp=\"\" data-sfc-root=\"c\" data-sfc-cb=\"\"><strong class=\"Yjhzub\" data-sfc-root=\"c\" data-sfc-cb=\"\">Phong c\u00e1ch:<\/strong>\u00a0Sang tr\u1ecdng, qu\u00fd ph\u00e1i, tr\u1ebb trung v\u00e0 n\u1eef t\u00ednh.<\/span><\/h3>\n<\/li>\n<li class=\"dF3vjf\" data-sfc-root=\"c\" data-sfc-cb=\"\" data-hveid=\"CAMQBQ\">\n<h3><span class=\"T286Pc\" data-sfc-cp=\"\" data-sfc-root=\"c\" data-sfc-cb=\"\"><strong class=\"Yjhzub\" data-sfc-root=\"c\" data-sfc-cb=\"\">Thi\u1ebft k\u1ebf:<\/strong>\u00a0Chai th\u1ee7y tinh m\u00e0u v\u00e0ng m\u1eadt ong r\u1ef1c r\u1ee1, thanh l\u1ecbch.<\/span><\/h3>\n<\/li>\n<li class=\"dF3vjf\" data-sfc-root=\"c\" data-sfc-cb=\"\" data-hveid=\"CAMQBg\">\n<h3><span class=\"T286Pc\" data-sfc-cp=\"\" data-sfc-root=\"c\" data-sfc-cb=\"\"><strong class=\"Yjhzub\" data-sfc-root=\"c\" data-sfc-cb=\"\">\u0110\u1ed9 l\u01b0u h\u01b0\u01a1ng:<\/strong>\u00a0T\u1ed1t, kho\u1ea3ng 6 &#8211; 8 ti\u1ebfng.<\/span><\/h3>\n<\/li>\n<li class=\"dF3vjf\" data-sfc-root=\"c\" data-sfc-cb=\"\" data-hveid=\"CAMQBw\">\n<h3><span class=\"T286Pc\" data-sfc-cp=\"\" data-sfc-root=\"c\" data-sfc-cb=\"\"><strong class=\"Yjhzub\" data-sfc-root=\"c\" data-sfc-cb=\"\">Th\u1eddi \u0111i\u1ec3m khuy\u00ean d\u00f9ng:<\/strong>\u00a0Ng\u00e0y v\u00e0 \u0111\u00eam, \u0111\u1eb7c bi\u1ec7t ph\u00f9 h\u1ee3p v\u00e0o m\u00f9a Xu\u00e2n, th\u00edch h\u1ee3p cho c\u00e1c d\u1ecbp \u0111\u1eb7c bi\u1ec7t ho\u1eb7c h\u1eb9n h\u00f2.<\/span><span class=\"uJ19be notranslate\" data-sfc-root=\"c\" data-wiz-uids=\"j0qCwd_1m,j0qCwd_1n\" data-sfc-cb=\"\"><span class=\"vKEkVd\" data-animation-atomic=\"\" data-wiz-attrbind=\"class=j0qCwd_1l\/TKHnVd\"><span aria-hidden=\"true\">\u00a0<\/span><\/span><\/span><\/h3>\n<\/li>\n<\/ul>\n","protected":false},"excerpt":{"rendered":"<h3><strong>Gucci Bloom Profumo Di Fiori EDP 100ml\u00a0(ra m\u1eaft 2020)\u00a0l\u00e0 chai n\u01b0\u1edbc hoa n\u1eef thu\u1ed9c nh\u00f3m h\u01b0\u01a1ng hoa c\u1ecf, n\u1ed5i b\u1eadt v\u1edbi s\u1ef1 k\u1ebft h\u1ee3p r\u1ef1c r\u1ee1 c\u1ee7a hoa hu\u1ec7, hoa nh\u00e0i Sambac v\u00e0 ng\u1ecdc lan t\u00e2y, mang \u0111\u1ebfn m\u00f9i h\u01b0\u01a1ng ng\u1ecdt ng\u00e0o, quy\u1ebfn r\u0169 v\u00e0 sang tr\u1ecdng. Phi\u00ean b\u1ea3n n\u00e0y \u0111\u01b0\u1ee3c v\u00ed nh\u01b0 m\u1ed9t &#8220;khu v\u01b0\u1eddn hoa&#8221; t\u1ecfa h\u01b0\u01a1ng nhi\u1ec7t \u0111\u1edbi, \u1ea5m \u00e1p, l\u01b0u h\u01b0\u01a1ng t\u1ed1t t\u1eeb 6-8 ti\u1ebfng.<\/strong><\/h3>\n","protected":false},"featured_media":837,"comment_status":"open","ping_status":"closed","template":"","meta":{"_eb_attr":""},"product_brand":[],"product_cat":[22,53],"product_tag":[],"class_list":{"0":"post-836","1":"product","2":"type-product","3":"status-publish","4":"has-post-thumbnail","6":"product_cat-gucci","7":"product_cat-nuoc-hoa","9":"first","10":"instock","11":"taxable","12":"shipping-taxable","13":"purchasable","14":"product-type-variable"},"yoast_head":"<!-- This site is optimized with the Yoast SEO plugin v27.2 - https:\/\/yoast.com\/product\/yoast-seo-wordpress\/ -->\n<title>N\u01b0\u1edbc Hoa N\u1eef Gucci Bloom Profumo Di Fiori Eau De Parfum 100ml - Royal Scent<\/title>\n<meta name=\"robots\" content=\"noindex, follow, max-snippet:-1, max-image-preview:large, max-video-preview:-1\" \/>\n<meta property=\"og:locale\" content=\"vi_VN\" \/>\n<meta property=\"og:type\" content=\"article\" \/>\n<meta property=\"og:title\" content=\"N\u01b0\u1edbc Hoa N\u1eef Gucci Bloom Profumo Di Fiori Eau De Parfum 100ml - Royal Scent\" \/>\n<meta property=\"og:description\" content=\"Gucci Bloom Profumo Di Fiori EDP 100ml\u00a0(ra m\u1eaft 2020)\u00a0l\u00e0 chai n\u01b0\u1edbc hoa n\u1eef thu\u1ed9c nh\u00f3m h\u01b0\u01a1ng hoa c\u1ecf, n\u1ed5i b\u1eadt v\u1edbi s\u1ef1 k\u1ebft h\u1ee3p r\u1ef1c r\u1ee1 c\u1ee7a hoa hu\u1ec7, hoa nh\u00e0i Sambac v\u00e0 ng\u1ecdc lan t\u00e2y, mang \u0111\u1ebfn m\u00f9i h\u01b0\u01a1ng ng\u1ecdt ng\u00e0o, quy\u1ebfn r\u0169 v\u00e0 sang tr\u1ecdng. Phi\u00ean b\u1ea3n n\u00e0y \u0111\u01b0\u1ee3c v\u00ed nh\u01b0 m\u1ed9t &quot;khu v\u01b0\u1eddn hoa&quot; t\u1ecfa h\u01b0\u01a1ng nhi\u1ec7t \u0111\u1edbi, \u1ea5m \u00e1p, l\u01b0u h\u01b0\u01a1ng t\u1ed1t t\u1eeb 6-8 ti\u1ebfng.\" \/>\n<meta property=\"og:url\" content=\"https:\/\/keo.azdigi.shop\/index.php\/product\/nuoc-hoa-nu-gucci-bloom-profumo-di-fiori-eau-de-parfum-100ml\/\" \/>\n<meta property=\"og:site_name\" content=\"Royal Scent\" \/>\n<meta property=\"article:modified_time\" content=\"2026-04-19T08:45:55+00:00\" \/>\n<meta property=\"og:image\" content=\"https:\/\/keo.azdigi.shop\/wp-content\/uploads\/2026\/04\/nuoc-hoa-nu-gucci-bloom-profumo-di-fiori-eau-de-parfum-100ml-67a1900b197a3-04022025105659.webp\" \/>\n\t<meta property=\"og:image:width\" content=\"900\" \/>\n\t<meta property=\"og:image:height\" content=\"900\" \/>\n\t<meta property=\"og:image:type\" content=\"image\/webp\" \/>\n<meta name=\"twitter:card\" content=\"summary_large_image\" \/>\n<meta name=\"twitter:label1\" content=\"\u01af\u1edbc t\u00ednh th\u1eddi gian \u0111\u1ecdc\" \/>\n\t<meta name=\"twitter:data1\" content=\"1 ph\u00fat\" \/>\n<script type=\"application\/ld+json\" class=\"yoast-schema-graph\">{\"@context\":\"https:\/\/schema.org\",\"@graph\":[{\"@type\":\"WebPage\",\"@id\":\"https:\/\/keo.azdigi.shop\/index.php\/product\/nuoc-hoa-nu-gucci-bloom-profumo-di-fiori-eau-de-parfum-100ml\/\",\"url\":\"https:\/\/keo.azdigi.shop\/index.php\/product\/nuoc-hoa-nu-gucci-bloom-profumo-di-fiori-eau-de-parfum-100ml\/\",\"name\":\"N\u01b0\u1edbc Hoa N\u1eef Gucci Bloom Profumo Di Fiori Eau De Parfum 100ml - Royal Scent\",\"isPartOf\":{\"@id\":\"https:\/\/keo.azdigi.shop\/#website\"},\"primaryImageOfPage\":{\"@id\":\"https:\/\/keo.azdigi.shop\/index.php\/product\/nuoc-hoa-nu-gucci-bloom-profumo-di-fiori-eau-de-parfum-100ml\/#primaryimage\"},\"image\":{\"@id\":\"https:\/\/keo.azdigi.shop\/index.php\/product\/nuoc-hoa-nu-gucci-bloom-profumo-di-fiori-eau-de-parfum-100ml\/#primaryimage\"},\"thumbnailUrl\":\"https:\/\/keo.azdigi.shop\/wp-content\/uploads\/2026\/04\/nuoc-hoa-nu-gucci-bloom-profumo-di-fiori-eau-de-parfum-100ml-67a1900b197a3-04022025105659.webp\",\"datePublished\":\"2026-04-13T09:54:06+00:00\",\"dateModified\":\"2026-04-19T08:45:55+00:00\",\"breadcrumb\":{\"@id\":\"https:\/\/keo.azdigi.shop\/index.php\/product\/nuoc-hoa-nu-gucci-bloom-profumo-di-fiori-eau-de-parfum-100ml\/#breadcrumb\"},\"inLanguage\":\"vi\",\"potentialAction\":[{\"@type\":\"ReadAction\",\"target\":[\"https:\/\/keo.azdigi.shop\/index.php\/product\/nuoc-hoa-nu-gucci-bloom-profumo-di-fiori-eau-de-parfum-100ml\/\"]}]},{\"@type\":\"ImageObject\",\"inLanguage\":\"vi\",\"@id\":\"https:\/\/keo.azdigi.shop\/index.php\/product\/nuoc-hoa-nu-gucci-bloom-profumo-di-fiori-eau-de-parfum-100ml\/#primaryimage\",\"url\":\"https:\/\/keo.azdigi.shop\/wp-content\/uploads\/2026\/04\/nuoc-hoa-nu-gucci-bloom-profumo-di-fiori-eau-de-parfum-100ml-67a1900b197a3-04022025105659.webp\",\"contentUrl\":\"https:\/\/keo.azdigi.shop\/wp-content\/uploads\/2026\/04\/nuoc-hoa-nu-gucci-bloom-profumo-di-fiori-eau-de-parfum-100ml-67a1900b197a3-04022025105659.webp\",\"width\":900,\"height\":900},{\"@type\":\"BreadcrumbList\",\"@id\":\"https:\/\/keo.azdigi.shop\/index.php\/product\/nuoc-hoa-nu-gucci-bloom-profumo-di-fiori-eau-de-parfum-100ml\/#breadcrumb\",\"itemListElement\":[{\"@type\":\"ListItem\",\"position\":1,\"name\":\"Home\",\"item\":\"https:\/\/keo.azdigi.shop\/\"},{\"@type\":\"ListItem\",\"position\":2,\"name\":\"Shop\",\"item\":\"https:\/\/keo.azdigi.shop\/index.php\/shop\/\"},{\"@type\":\"ListItem\",\"position\":3,\"name\":\"N\u01b0\u1edbc Hoa N\u1eef Gucci Bloom Profumo Di Fiori Eau De Parfum 100ml\"}]},{\"@type\":\"WebSite\",\"@id\":\"https:\/\/keo.azdigi.shop\/#website\",\"url\":\"https:\/\/keo.azdigi.shop\/\",\"name\":\"Royal Scent\",\"description\":\"\",\"potentialAction\":[{\"@type\":\"SearchAction\",\"target\":{\"@type\":\"EntryPoint\",\"urlTemplate\":\"https:\/\/keo.azdigi.shop\/?s={search_term_string}\"},\"query-input\":{\"@type\":\"PropertyValueSpecification\",\"valueRequired\":true,\"valueName\":\"search_term_string\"}}],\"inLanguage\":\"vi\"}]}<\/script>\n<!-- \/ Yoast SEO plugin. -->","yoast_head_json":{"title":"N\u01b0\u1edbc Hoa N\u1eef Gucci Bloom Profumo Di Fiori Eau De Parfum 100ml - Royal Scent","robots":{"index":"noindex","follow":"follow","max-snippet":"max-snippet:-1","max-image-preview":"max-image-preview:large","max-video-preview":"max-video-preview:-1"},"og_locale":"vi_VN","og_type":"article","og_title":"N\u01b0\u1edbc Hoa N\u1eef Gucci Bloom Profumo Di Fiori Eau De Parfum 100ml - Royal Scent","og_description":"Gucci Bloom Profumo Di Fiori EDP 100ml\u00a0(ra m\u1eaft 2020)\u00a0l\u00e0 chai n\u01b0\u1edbc hoa n\u1eef thu\u1ed9c nh\u00f3m h\u01b0\u01a1ng hoa c\u1ecf, n\u1ed5i b\u1eadt v\u1edbi s\u1ef1 k\u1ebft h\u1ee3p r\u1ef1c r\u1ee1 c\u1ee7a hoa hu\u1ec7, hoa nh\u00e0i Sambac v\u00e0 ng\u1ecdc lan t\u00e2y, mang \u0111\u1ebfn m\u00f9i h\u01b0\u01a1ng ng\u1ecdt ng\u00e0o, quy\u1ebfn r\u0169 v\u00e0 sang tr\u1ecdng. Phi\u00ean b\u1ea3n n\u00e0y \u0111\u01b0\u1ee3c v\u00ed nh\u01b0 m\u1ed9t \"khu v\u01b0\u1eddn hoa\" t\u1ecfa h\u01b0\u01a1ng nhi\u1ec7t \u0111\u1edbi, \u1ea5m \u00e1p, l\u01b0u h\u01b0\u01a1ng t\u1ed1t t\u1eeb 6-8 ti\u1ebfng.","og_url":"https:\/\/keo.azdigi.shop\/index.php\/product\/nuoc-hoa-nu-gucci-bloom-profumo-di-fiori-eau-de-parfum-100ml\/","og_site_name":"Royal Scent","article_modified_time":"2026-04-19T08:45:55+00:00","og_image":[{"width":900,"height":900,"url":"https:\/\/keo.azdigi.shop\/wp-content\/uploads\/2026\/04\/nuoc-hoa-nu-gucci-bloom-profumo-di-fiori-eau-de-parfum-100ml-67a1900b197a3-04022025105659.webp","type":"image\/webp"}],"twitter_card":"summary_large_image","twitter_misc":{"\u01af\u1edbc t\u00ednh th\u1eddi gian \u0111\u1ecdc":"1 ph\u00fat"},"schema":{"@context":"https:\/\/schema.org","@graph":[{"@type":"WebPage","@id":"https:\/\/keo.azdigi.shop\/index.php\/product\/nuoc-hoa-nu-gucci-bloom-profumo-di-fiori-eau-de-parfum-100ml\/","url":"https:\/\/keo.azdigi.shop\/index.php\/product\/nuoc-hoa-nu-gucci-bloom-profumo-di-fiori-eau-de-parfum-100ml\/","name":"N\u01b0\u1edbc Hoa N\u1eef Gucci Bloom Profumo Di Fiori Eau De Parfum 100ml - Royal Scent","isPartOf":{"@id":"https:\/\/keo.azdigi.shop\/#website"},"primaryImageOfPage":{"@id":"https:\/\/keo.azdigi.shop\/index.php\/product\/nuoc-hoa-nu-gucci-bloom-profumo-di-fiori-eau-de-parfum-100ml\/#primaryimage"},"image":{"@id":"https:\/\/keo.azdigi.shop\/index.php\/product\/nuoc-hoa-nu-gucci-bloom-profumo-di-fiori-eau-de-parfum-100ml\/#primaryimage"},"thumbnailUrl":"https:\/\/keo.azdigi.shop\/wp-content\/uploads\/2026\/04\/nuoc-hoa-nu-gucci-bloom-profumo-di-fiori-eau-de-parfum-100ml-67a1900b197a3-04022025105659.webp","datePublished":"2026-04-13T09:54:06+00:00","dateModified":"2026-04-19T08:45:55+00:00","breadcrumb":{"@id":"https:\/\/keo.azdigi.shop\/index.php\/product\/nuoc-hoa-nu-gucci-bloom-profumo-di-fiori-eau-de-parfum-100ml\/#breadcrumb"},"inLanguage":"vi","potentialAction":[{"@type":"ReadAction","target":["https:\/\/keo.azdigi.shop\/index.php\/product\/nuoc-hoa-nu-gucci-bloom-profumo-di-fiori-eau-de-parfum-100ml\/"]}]},{"@type":"ImageObject","inLanguage":"vi","@id":"https:\/\/keo.azdigi.shop\/index.php\/product\/nuoc-hoa-nu-gucci-bloom-profumo-di-fiori-eau-de-parfum-100ml\/#primaryimage","url":"https:\/\/keo.azdigi.shop\/wp-content\/uploads\/2026\/04\/nuoc-hoa-nu-gucci-bloom-profumo-di-fiori-eau-de-parfum-100ml-67a1900b197a3-04022025105659.webp","contentUrl":"https:\/\/keo.azdigi.shop\/wp-content\/uploads\/2026\/04\/nuoc-hoa-nu-gucci-bloom-profumo-di-fiori-eau-de-parfum-100ml-67a1900b197a3-04022025105659.webp","width":900,"height":900},{"@type":"BreadcrumbList","@id":"https:\/\/keo.azdigi.shop\/index.php\/product\/nuoc-hoa-nu-gucci-bloom-profumo-di-fiori-eau-de-parfum-100ml\/#breadcrumb","itemListElement":[{"@type":"ListItem","position":1,"name":"Home","item":"https:\/\/keo.azdigi.shop\/"},{"@type":"ListItem","position":2,"name":"Shop","item":"https:\/\/keo.azdigi.shop\/index.php\/shop\/"},{"@type":"ListItem","position":3,"name":"N\u01b0\u1edbc Hoa N\u1eef Gucci Bloom Profumo Di Fiori Eau De Parfum 100ml"}]},{"@type":"WebSite","@id":"https:\/\/keo.azdigi.shop\/#website","url":"https:\/\/keo.azdigi.shop\/","name":"Royal Scent","description":"","potentialAction":[{"@type":"SearchAction","target":{"@type":"EntryPoint","urlTemplate":"https:\/\/keo.azdigi.shop\/?s={search_term_string}"},"query-input":{"@type":"PropertyValueSpecification","valueRequired":true,"valueName":"search_term_string"}}],"inLanguage":"vi"}]}},"_links":{"self":[{"href":"https:\/\/keo.azdigi.shop\/index.php\/wp-json\/wp\/v2\/product\/836","targetHints":{"allow":["GET"]}}],"collection":[{"href":"https:\/\/keo.azdigi.shop\/index.php\/wp-json\/wp\/v2\/product"}],"about":[{"href":"https:\/\/keo.azdigi.shop\/index.php\/wp-json\/wp\/v2\/types\/product"}],"replies":[{"embeddable":true,"href":"https:\/\/keo.azdigi.shop\/index.php\/wp-json\/wp\/v2\/comments?post=836"}],"wp:featuredmedia":[{"embeddable":true,"href":"https:\/\/keo.azdigi.shop\/index.php\/wp-json\/wp\/v2\/media\/837"}],"wp:attachment":[{"href":"https:\/\/keo.azdigi.shop\/index.php\/wp-json\/wp\/v2\/media?parent=836"}],"wp:term":[{"taxonomy":"product_brand","embeddable":true,"href":"https:\/\/keo.azdigi.shop\/index.php\/wp-json\/wp\/v2\/product_brand?post=836"},{"taxonomy":"product_cat","embeddable":true,"href":"https:\/\/keo.azdigi.shop\/index.php\/wp-json\/wp\/v2\/product_cat?post=836"},{"taxonomy":"product_tag","embeddable":true,"href":"https:\/\/keo.azdigi.shop\/index.php\/wp-json\/wp\/v2\/product_tag?post=836"}],"curies":[{"name":"wp","href":"https:\/\/api.w.org\/{rel}","templated":true}]}}